{"id":452,"date":"2022-09-07T18:48:12","date_gmt":"2022-09-07T18:48:12","guid":{"rendered":"http:\/\/ocidentaladventures.pt\/?page_id=452"},"modified":"2023-01-13T09:40:00","modified_gmt":"2023-01-13T09:40:00","slug":"politica-privacidad","status":"publish","type":"page","link":"https:\/\/ocidentaladventures.pt\/es\/politica-privacidad\/","title":{"rendered":"Pol\u00edtica de Privacidad"},"content":{"rendered":"\n<p class=\"has-medium-font-size\"><strong>RGPD \u2013 Reglamento General de Protecci\u00f3n de Datos&nbsp;<br><\/strong>Pol\u00edtica de Privacidad | T\u00e9rminos de Uso<\/p>\n\n\n\n<p>&nbsp;<strong>DECLARACI\u00d3N Y ACEPTACI\u00d3N DE LA POL\u00cdTICA DE PRIVACIDAD&nbsp;<\/strong><\/p>\n\n\n\n<p>Al aceptar esta Pol\u00edtica de Privacidad, usted autoriza a&nbsp;Ocidental Adventures, n\u00famero de persona jur\u00eddica215974913, con sede en&nbsp;Rua da Cruz, 13, Santa Cruz das Flores, a tratar sus datos personales recopilados en el formulario de registro de su cuenta y su solicitud de contacto, de los cuales usted confirma que es el t\u00edtular, as\u00ed como los datos relacionados con su relaci\u00f3n comercial y contractual, y su respectiva gesti\u00f3n, bajo los t\u00e9rminos de esta Pol\u00edtica de Privacidad.<\/p>\n\n\n\n<p>Adem\u00e1s declara:<br><\/p>\n\n\n\n<ol type=\"1\" class=\"has-normal-font-size wp-block-list\"><li>Que usted es consciente y est\u00e1 totalmente informado de que el tratamiento de sus datos personales incluye todas las operaciones llevadas a cabo sobre los datos facilitados por usted, mediante medios automatizados u otros, con el prop\u00f3sito de:<\/li><\/ol>\n\n\n\n<p>&#8211; Mejorar el funcionamiento y la funcionalidad del sitio web de&nbsp;Ocidental Adventures&nbsp;&nbsp;&nbsp;(incluyendo los casos en los que sus datos sean agregados y tratados de un modo estad\u00edstico, sin ser identificables por ning\u00fan tercero a quien puedan ser facilitados);<\/p>\n\n\n\n<p>&#8211; Mejorar y personalizar los servicios que se le brindan;<\/p>\n\n\n\n<p>&#8211; Contactar con usted a trav\u00e9s de correos electr\u00f3nicos, mensajes escritos o tel\u00e9fono para enviarle informaci\u00f3n o actualizaciones sobre sus transacciones y solicitudes, as\u00ed como ofrecerle informaci\u00f3n sobre nuevos productos o servicios;<\/p>\n\n\n\n<p>&#8211; Interactuar con usted en las plataformas de medios sociales;<\/p>\n\n\n\n<p>2.&nbsp;Aceptar y permitir el libre uso y reproducci\u00f3n, por parte de&nbsp;Ocidental Adventures, del contenido p\u00fablicamente disponible y\/o publicado en las plataformas de medios sociales cuando el \u201chashtag\u201d&nbsp;#OcidentalAdventures&nbsp;se refiera expl\u00edcita y espec\u00edficamente a nuestras marcas, productos o servicios;<\/p>\n\n\n\n<p>3.&nbsp;Que usted es consciente del hecho que, de acuerdo con la legislaci\u00f3n aplicable, es posible oponerse, limitar, corregir o solicitar la eliminaci\u00f3n en relaci\u00f3n con el tratamiento de sus datos con uno o m\u00e1s de los prop\u00f3sitos&nbsp;&nbsp;descritos anteriormente, mediante el env\u00edo de una solicitud al siguiente correo electr\u00f3nico: info@ocidentaladventures.pt, as\u00ed como a tener el derecho de presentar una queja ante las autoridades competentes;<\/p>\n\n\n\n<p>4.&nbsp;Dar este consentimiento de manera libre y voluntaria, y tener 16 a\u00f1os de edad o m\u00e1s.<\/p>\n\n\n\n<p><strong>Pol\u00edtica de Privacidad<\/strong><strong><\/strong><\/p>\n\n\n\n<p>En&nbsp;Ocidental Adventures, consideramos que su privacidad es un asunto serio. Nos comprometemos a optimizar su experiencia dentro de nuestro sitio web y nuestras plataformas de medios sociales, en un entorno seguro.<\/p>\n\n\n\n<p>Nuestra pol\u00edtica es tratar sus datos personales con discreci\u00f3n y protegerlos. Esta Pol\u00edtica de Privacidad explica c\u00f3mo recopilamos, protegemos, usamos y compartimos la informaci\u00f3n sobre usted online y offline, con la esperanza de aumentar su confianza en&nbsp;Ocidental Adventures&nbsp;&nbsp;y mejorar su experiencia con nosotros.<\/p>\n\n\n\n<p>Por favor tenga en cuenta que esta Pol\u00edtica de Privacidad se aplica a la informaci\u00f3n recopilada por&nbsp;Ocidental Adventures&nbsp;exclusivamente y no abarca la informaci\u00f3n que usted pueda enviar en otros sitios web o plataformas sociales gestionadas por otras entidades u organizaciones a las que podemos hacer referencia. Esta Pol\u00edtica de Privacidad cubre \u00fanicamente este sitio web espec\u00edfico. Por favor lea los siguientes t\u00e9rminos detenidamente.<\/p>\n\n\n\n<p><strong>1. Sus datos<\/strong><strong><\/strong><\/p>\n\n\n\n<p>Ocidental Adventures&nbsp;se compromete a procesar sus datos personales de acuerdo con el Reglamento Europeo 2016\/679 del Parlamento Europeo y del Consejo del 27 de abril de 2016 sobre la protecci\u00f3n de los individuos en relaci\u00f3n con el tratamiento de los datos personales y de la libre circulaci\u00f3n de dichos datos y la derogaci\u00f3n de la directiva 95\/46\/CE (Reglamento General de Protecci\u00f3n de Datos).<\/p>\n\n\n\n<p>Este sitio web no recopila informaci\u00f3n personal sobre usted a menos que usted nos la facilite voluntariamente. Esto significa que no conoceremos su nombre, su correo electr\u00f3nico ni ninguna otra informaci\u00f3n personal suya s\u00f3lo porque usted navegue por este sitio web, a menos que cree una cuenta e inicie sesi\u00f3n cuando acceda al sitio.<\/p>\n\n\n\n<p>S\u00f3lo recopilamos sus datos personales cuando usted se registra en nuestro sitio web o rellena nuestro formulario de solicitud de contacto online. Se le puede pedir que introduzca su nombre, direcci\u00f3n, n\u00famero de tel\u00e9fono, fecha de nacimiento, direcci\u00f3n de correo electr\u00f3nico y otra informaci\u00f3n relevante.<\/p>\n\n\n\n<p>Por favor tenga en cuenta que, al facilitarnos informaci\u00f3n personal sobre usted seg\u00fan lo descrito en esta Pol\u00edtica de Privacidad, usted nos da su consentimiento para usarla con los prop\u00f3sitos aqu\u00ed expuestos.<\/p>\n\n\n\n<p><strong>2. Utilizaci\u00f3n de sus datos&nbsp;<\/strong><strong><\/strong><\/p>\n\n\n\n<p>Cualquiera de los datos que usted nos facilite puede ser usado de las siguientes maneras:<\/p>\n\n\n\n<ul class=\"has-normal-font-size wp-block-list\"><li>Personalizar su experiencia con nosotros<\/li><li>&nbsp;Mejorar los servicios y recursos disponibles en nuestro sitio<\/li><li>Mejorar nuestro servicio de atenci\u00f3n al cliente en general<\/li><li>Procesar las transacciones relacionadas con usted&nbsp;<\/li><li>Contactar con usted<\/li><li>Gestionar un concurso, promoci\u00f3n, investigaci\u00f3n u otro recurso&nbsp;<\/li><\/ul>\n\n\n\n<p>Sus datos, ya sean p\u00fablicos o privados, no ser\u00e1n vendidos, intercambiados, transferidos ni facilitados a ninguna otra empresa fuera de&nbsp;Ocidental Adventures, por ninguna raz\u00f3n, sin su consentimiento.<\/p>\n\n\n\n<p>Podemos usar y ofrecer informaci\u00f3n agregada y estad\u00edstica a terceras partes para supervisar el uso de nuestro sitio web con el prop\u00f3sito de ayudarnos a desarrollar nuestro sitio y nuestros servicios. Los datos usados no incluir\u00e1n informaci\u00f3n que pueda ser usada para identificar a ning\u00fan individuo.<\/p>\n\n\n\n<p>La informaci\u00f3n de contacto facilitada por usted puede ser usada para enviarle informaci\u00f3n y actualizaciones relacionadas con sus solicitudes, as\u00ed como para recibir noticias ocasionales de&nbsp;Ocidental Adventures&nbsp;sobre informaci\u00f3n, ventajas y promociones de productos o servicios relacionados.<\/p>\n\n\n\n<p>Nota: Si,&nbsp;en cualquier momento,&nbsp;desea dejar de recibir futuros correos electr\u00f3nicos, incluiremos instrucciones de cancelaci\u00f3n detalladas al final de cada correo electr\u00f3nico.<\/p>\n\n\n\n<p>Ocidental Adventures&nbsp;guarda los datos de sus usuarios en sus servidores ubicados en Portugal y Espa\u00f1a. Estos servidores est\u00e1n protegidos y mantenidos de acuerdo con los m\u00e1s altos est\u00e1ndares de seguridad y en cumplimiento de las leyes de privacidad aplicables.<\/p>\n\n\n\n<p><strong>3. Protecci\u00f3n de sus informaciones&nbsp;<\/strong><strong><\/strong><\/p>\n\n\n\n<p>Seguimos los est\u00e1ndares de la industria para proteger sus datos durante la transmisi\u00f3n y, una vez recibidos, usamos varias medidas para mantener la seguridad de los datos personales que usted nos ha transmitido.<\/p>\n\n\n\n<p>DEBER\u00cdA SABER QUE NING\u00daN M\u00c9TODO DE TRANSMISI\u00d3N O ALMACENAMIENTO ELECTR\u00d3NICO ES 100% SEGURO.<\/p>\n\n\n\n<p>DEBIDO A ESTO, HASTA DONDE PERMITA LA LEY, PODEMOS NO SER RESPONSABLES DE NINGUNA RECLAMACI\u00d3N, P\u00c9RDIDA Y DA\u00d1O, INCLUYENDO, SIN LIMITACI\u00d3N, LOS DA\u00d1OS DIRECTOS, INDIRECTOS, ESPECIALES, PUNITIVOS, INCIDENTALES O CONSECUENCIALES O LOS DA\u00d1OS INCURRIDOS POR USTED O CUALQUIER USUARIO RELACIONADOS CON EL FRAUDE INFORM\u00c1TICO O CUALQUIER OTRA INFRACCI\u00d3N O CIRCUNSTANCIA EN LA CUAL SU INFORMACI\u00d3N SEA ADQUIRIDA O REVELADA SIN NUESTRA AUTORIZACI\u00d3N EXPRESA.<\/p>\n\n\n\n<p><strong>4. Cookies&nbsp;<\/strong><strong><\/strong><\/p>\n\n\n\n<p>Una cookie es un peque\u00f1o archivo de texto que, aunque no recopila informaci\u00f3n personal que permita identificar al usuario, almacena informaci\u00f3n general sobre la navegaci\u00f3n de los usuarios en su dispositivo de acceso (tel\u00e9fono m\u00f3vil, ordenador u otro), permitiendo un uso posterior m\u00e1s r\u00e1pido y eficiente.&nbsp;<\/p>\n\n\n\n<p>Una cookie por s\u00ed sola no identifica personalmente a ning\u00fan usuario\/visitante.<\/p>\n\n\n\n<p>Podemos usar tecnolog\u00edas como las cookies para registrar la informaci\u00f3n de sesi\u00f3n, recopilar las visitas y los detalles de acceso de nuestras p\u00e1ginas web que nos permiten continuar mejorando nuestros servicios y ofrecer recursos mejores y m\u00e1s \u00fatiles a los usuarios\/visitantes de nuestro sitio web.<\/p>\n\n\n\n<p><br>Las cookies son recomendables y tienen funciones espec\u00edficas con el fin de permitir una navegaci\u00f3n mejorada y m\u00e1s personalizada.<\/p>\n\n\n\n<p>La existencia de las cookies no afecta al funcionamiento de su dispositivo y su sistema operativo. Adem\u00e1s de la informaci\u00f3n almacenada en las cookies, la informaci\u00f3n tambi\u00e9n se almacena en el espacio de \u201calmacenamiento local\u201d&nbsp;&nbsp;de su navegador con los mismos prop\u00f3sitos que las cookies.<br><\/p>\n\n\n\n<p>Las cookies pueden ser de varios tipos: aquellas que permiten identificar al usuario y mejorar el funcionamiento de los servicios en los sitios; aquellas que mejoran el rendimiento del sitio al analizar el modo en que lo usan los usuarios; aquellas que permiten al usuario navegar en un entorno individualmente personalizado y aquellas que recopilan informaci\u00f3n sobre los h\u00e1bitos de navegaci\u00f3n del usuario en Internet de manera que la publicidad mostrada corresponda a sus necesidades e intereses.<br><\/p>\n\n\n\n<p>El prop\u00f3sito principal de nuestras cookies es mejorar su experiencia de navegaci\u00f3n porque, entre otros prop\u00f3sitos, nos ayudan a recordar sus preferencias. Esta informaci\u00f3n tambi\u00e9n nos permite mejorar nuestro sitio web (por ejemplo, facilitando el an\u00e1lisis estad\u00edstico de su uso). En vista de estos prop\u00f3sitos, su informaci\u00f3n personalmente identificable de naturaleza sensible no es almacenada a trav\u00e9s de las cookies. La informaci\u00f3n de nuestras cookies s\u00f3lo es usada por nosotros, excepto en lo relacionado con Google Analytics (gestionado por Google).<\/p>\n\n\n\n<p>Todos los navegadores permiten al usuario aceptar, rechazar o eliminar las cookies, por ejemplo, seleccionando los ajustes apropiados en su navegador, de manera que el usuario pueda, en cualquier momento, deshabilitar total o parcialmente las cookies usadas en nuestro sitio.<\/p>\n\n\n\n<p>Si usted elige no aceptar las cookies, puede que no sea capaz de acceder a ciertas secciones de nuestro sitio web, su navegaci\u00f3n se volver\u00e1 menos eficiente y puede que deje de beneficiarse de algunas de las caracter\u00edsticas o servicios.<\/p>\n\n\n\n<p>Nota: Esta lista puede ser actualizada debido a nuevos servicios y caracter\u00edsticas de nuestro sitio web con la introducci\u00f3n de nuevas cookies.<br><\/p>\n\n\n\n<p><strong>5.<\/strong><strong>C\u00f3mo deber\u00eda asegurar su seguridad<\/strong><strong><\/strong><\/p>\n\n\n\n<p>Para su privacidad, le recomendamos que no incluya datos personales o sensibles en los correos electr\u00f3nicos que nos env\u00ede. Por favor no nos env\u00ede n\u00fameros de tarjeta de cr\u00e9dito o cualquier otra informaci\u00f3n personal sensible por correo electr\u00f3nico.<\/p>\n\n\n\n<p>No recopilamos informaci\u00f3n personal de menores a sabiendas. Como padre o tutor legal, no permita que su hijo env\u00ede informaci\u00f3n personal sin su permiso.<\/p>\n\n\n\n<p>NO SOMOS RESPONSABLES DE LOS DATOS DE IDENTIFICACI\u00d3N NI DE NINGUNA OTRA INFORMACI\u00d3N QUE USTED ELIJA ENVIAR EN LOS FOROS COMO COMENTARIO O EN CUALQUIER \u00c1REA P\u00daBLICA ACCESIBLE QUE ADMINISTREMOS O GESTIONEMOS.<\/p>\n\n\n\n<p><strong>6. Divulgaci\u00f3n de informaciones a terceros<\/strong><strong><\/strong><\/p>\n\n\n\n<p>No vendemos, comercializamos ni transferimos a terceras partes su informaci\u00f3n personalmente identificable. Esto no incluye las terceras partes de confianza que nos ayudan a gestionar nuestro sitio web, aplicaciones m\u00f3viles, llevar a cabo nuestros negocios o prestar los servicios a nuestros clientes, siempre y cuando esas terceras partes acepten mantener la confidencialidad de dicha informaci\u00f3n.<\/p>\n\n\n\n<p>Tambi\u00e9n podemos revelar su informaci\u00f3n cuando creamos que la revelaci\u00f3n es apropiada para cumplir con la ley, hacer cumplir las pol\u00edticas de nuestro sitio web, o proteger nuestros derechos, propiedad o seguridad.<\/p>\n\n\n\n<p>Sin embargo, la informaci\u00f3n no personalmente identificable de los visitantes se puede facilitar a terceras partes con fines de marketing, publicidad u otros usos.<\/p>\n\n\n\n<p><strong>7.&nbsp;<\/strong><strong>Enlaces de terceros<\/strong><strong><\/strong><\/p>\n\n\n\n<p>Por favor tenga en cuenta que, aunque puede que se encuentre en un sitio web gestionado por nosotros, tambi\u00e9n puede ser transferido por enlaces a sitios web de terceros. Ocasionalmente, a nuestra discreci\u00f3n, podemos incluir u ofrecer servicios de terceros en nuestras plataformas. Estos sitios web de terceros tienen pol\u00edticas de privacidad separadas e independientes. Estas pol\u00edticas no son gestionadas ni controladas por nosotros. Por este motivo,&nbsp;&nbsp;Ocidental Adventures&nbsp;no asume ninguna responsabilidad por el contenido y las actividades de estos sitios web.<\/p>\n\n\n\n<p>Sin embargo, buscamos proteger la integridad de nuestro sitio y nuestras plataformas, por lo que le estar\u00edamos agradecidos si pudiera contactar con nosotros para hacernos llegar su opini\u00f3n al respecto. Tambi\u00e9n le recomendamos que lea detenidamente los t\u00e9rminos y condiciones y las pol\u00edticas de privacidad de estos sitios web enlazados antes de enviar cualquier informaci\u00f3n o dato personal.<\/p>\n\n\n\n<p><strong>8. Su consentimento&nbsp;<\/strong><\/p>\n\n\n\n<p>Al usar nuestro sitio web y nuestras plataformas, usted acepta nuestra Pol\u00edtica de Privacidad.<\/p>\n\n\n\n<p><strong>9. Periodo de retenci\u00f3n de sus datos<\/strong><\/p>\n\n\n\n<p>Es nuestro deber informarle de que los datos personales que nos facilite se mantendr\u00e1n hasta que usted solicite su eliminaci\u00f3n.<\/p>\n\n\n\n<p><strong>10. Derechos de autor<\/strong><\/p>\n\n\n\n<p>Los v\u00eddeos, sonidos, im\u00e1genes y toda la informaci\u00f3n contenida en este sitio web no podr\u00e1 ser copiada, distribuida, modificada o colocada en plataformas digitales sin el consentimiento previo por escrito de&nbsp;Ocidental Adventures&nbsp;.<\/p>\n\n\n\n<p><strong>11. Sus derechos<\/strong><strong><\/strong><\/p>\n\n\n\n<p>Como queremos asegurarnos de que usted es consciente de sus derechos en virtud de los t\u00e9rminos de la legislaci\u00f3n aplicable, queremos informarle de que:<\/p>\n\n\n\n<p>\u2022 Sus datos personales le pertenecen a usted. Como tal, usted tiene derecho de acceso, rectificaci\u00f3n, limitaci\u00f3n, eliminaci\u00f3n y oposici\u00f3n al tratamiento de los mismos y a obtener dichos datos de&nbsp;Ocidental Adventures.<\/p>\n\n\n\n<p>\u2022 Haremos todo lo posible por mantener sus datos personales actualizados y protegidos mediante los mejores est\u00e1ndares de la industria.<\/p>\n\n\n\n<p>\u2022 Usted tiene derecho a presentar una queja ante la autoridad de protecci\u00f3n de datos competente. En Portugal, esta autoridad es la Comisi\u00f3n Nacional de Protecci\u00f3n de Datos (\u201cCNPD\u201d). Puede obtener m\u00e1s informaci\u00f3n sobre la CNPD a trav\u00e9s del sitio web www.cnpd.pt<\/p>\n\n\n\n<p>Para ejercitar sus derechos de acceso, rectificaci\u00f3n, eliminaci\u00f3n, bloqueo u oposici\u00f3n al tratamiento de los datos personales facilitados por usted, de conformidad con la ley n\u00ba 67\/98, del 26 de octubre, usted debe enviar una solicitud a tal efecto, a trav\u00e9s de la siguiente direcci\u00f3n de correo electr\u00f3nico:&nbsp;info@ocidentaladventures.pt<\/p>\n\n\n\n<p><strong>12.&nbsp;<\/strong><strong>Legislaci\u00f3n aplicable<\/strong><strong><\/strong><\/p>\n\n\n\n<p>Estos T\u00e9rminos de Uso est\u00e1n regidos por y escritos de acuerdo con la legislaci\u00f3n vigente. Cualquier conflicto o divergencia en la interpretaci\u00f3n de los mismos deber\u00e1 ser enviado al tribunal competente.<\/p>\n\n\n\n<p><strong>13.&nbsp;<\/strong><strong>Cambios en nuestra Pol\u00edtica de Privacidad<\/strong><strong><\/strong><\/p>\n\n\n\n<p>Nos reservamos el derecho a actualizar, modificar o eliminar esta Pol\u00edtica de Privacidad o cualquiera de los t\u00e9rminos de la misma sin necesidad de pedir consentimiento. Avisaremos de cualquier cambio en la misma en nuestro sitio web as\u00ed como a trav\u00e9s de un comunicado enviado al medio de contacto indicado. El uso continuado de nuestro sitio web, nuestras aplicaciones, nuestros servicios y las caracter\u00edsticas ofrecidas tras dicho comunicado&nbsp;supondr\u00e1n su aceptaci\u00f3n de dichos cambios. La versi\u00f3n actual fue publicada en&nbsp;7\/10\/2022.<\/p>\n\n\n\n<p><strong>14.&nbsp;<\/strong><strong>Contactar con nosotros<\/strong><strong><\/strong><\/p>\n\n\n\n<p>Si tiene cualquier pregunta sobre la Pol\u00edtica de Privacidad o si desea ejercer cualquiera de los derechos anteriormente mencionados, contacte con nosotros a trav\u00e9s de:<\/p>\n\n\n\n<p>Tel\u00e9fono: +351&nbsp;918867466<\/p>\n\n\n\n<p>Correo electr\u00f3nico:&nbsp;&nbsp;info@ocidentaladventures.pt<\/p>\n","protected":false},"excerpt":{"rendered":"<p>RGPD \u2013 Reglamento General de Protecci\u00f3n de Datos&nbsp;Pol\u00edtica de Privacidad | T\u00e9rminos de Uso &nbsp;DECLARACI\u00d3N Y ACEPTACI\u00d3N DE LA POL\u00cdTICA DE PRIVACIDAD&nbsp; Al aceptar esta Pol\u00edtica de Privacidad, usted autoriza&hellip;<\/p>\n","protected":false},"author":1,"featured_media":0,"parent":0,"menu_order":0,"comment_status":"closed","ping_status":"closed","template":"","meta":{"footnotes":""},"class_list":["post-452","page","type-page","status-publish","hentry"],"acf":[],"yoast_head":"<!-- This site is optimized with the Yoast SEO plugin v19.6.1 - https:\/\/yoast.com\/wordpress\/plugins\/seo\/ -->\n<title>Pol\u00edtica de Privacidad - Ocidental Adventures<\/title>\n<meta name=\"description\" content=\"Esta Pol\u00edtica de Privacidad explica c\u00f3mo recopilamos, protegemos, usamos y compartimos la informaci\u00f3n sobre usted.\" \/>\n<meta name=\"robots\" content=\"index, follow, max-snippet:-1, max-image-preview:large, max-video-preview:-1\" \/>\n<link rel=\"canonical\" href=\"https:\/\/ocidentaladventures.pt\/es\/politica-privacidad\/\" \/>\n<meta property=\"og:locale\" content=\"es_ES\" \/>\n<meta property=\"og:type\" content=\"article\" \/>\n<meta property=\"og:title\" content=\"Pol\u00edtica de Privacidad - Ocidental Adventures\" \/>\n<meta property=\"og:description\" content=\"Esta Pol\u00edtica de Privacidad explica c\u00f3mo recopilamos, protegemos, usamos y compartimos la informaci\u00f3n sobre usted.\" \/>\n<meta property=\"og:url\" content=\"https:\/\/ocidentaladventures.pt\/es\/politica-privacidad\/\" \/>\n<meta property=\"og:site_name\" content=\"Ocidental Adventures\" \/>\n<meta property=\"article:modified_time\" content=\"2023-01-13T09:40:00+00:00\" \/>\n<meta name=\"twitter:card\" content=\"summary_large_image\" \/>\n<meta name=\"twitter:label1\" content=\"Tiempo de lectura\" \/>\n\t<meta name=\"twitter:data1\" content=\"13 minutos\" \/>\n<script type=\"application\/ld+json\" class=\"yoast-schema-graph\">{\"@context\":\"https:\/\/schema.org\",\"@graph\":[{\"@type\":\"WebPage\",\"@id\":\"https:\/\/ocidentaladventures.pt\/es\/politica-privacidad\/\",\"url\":\"https:\/\/ocidentaladventures.pt\/es\/politica-privacidad\/\",\"name\":\"Pol\u00edtica de Privacidad - Ocidental Adventures\",\"isPartOf\":{\"@id\":\"https:\/\/ocidentaladventures.pt\/#website\"},\"datePublished\":\"2022-09-07T18:48:12+00:00\",\"dateModified\":\"2023-01-13T09:40:00+00:00\",\"description\":\"Esta Pol\u00edtica de Privacidad explica c\u00f3mo recopilamos, protegemos, usamos y compartimos la informaci\u00f3n sobre usted.\",\"breadcrumb\":{\"@id\":\"https:\/\/ocidentaladventures.pt\/es\/politica-privacidad\/#breadcrumb\"},\"inLanguage\":\"es\",\"potentialAction\":[{\"@type\":\"ReadAction\",\"target\":[\"https:\/\/ocidentaladventures.pt\/es\/politica-privacidad\/\"]}]},{\"@type\":\"BreadcrumbList\",\"@id\":\"https:\/\/ocidentaladventures.pt\/es\/politica-privacidad\/#breadcrumb\",\"itemListElement\":[{\"@type\":\"ListItem\",\"position\":1,\"name\":\"In\u00edcio\",\"item\":\"https:\/\/ocidentaladventures.pt\/es\/\"},{\"@type\":\"ListItem\",\"position\":2,\"name\":\"Pol\u00edtica de Privacidad\"}]},{\"@type\":\"WebSite\",\"@id\":\"https:\/\/ocidentaladventures.pt\/#website\",\"url\":\"https:\/\/ocidentaladventures.pt\/\",\"name\":\"Ocidental Adventures\",\"description\":\"\",\"potentialAction\":[{\"@type\":\"SearchAction\",\"target\":{\"@type\":\"EntryPoint\",\"urlTemplate\":\"https:\/\/ocidentaladventures.pt\/?s={search_term_string}\"},\"query-input\":\"required name=search_term_string\"}],\"inLanguage\":\"es\"}]}<\/script>\n<!-- \/ Yoast SEO plugin. -->","yoast_head_json":{"title":"Pol\u00edtica de Privacidad - Ocidental Adventures","description":"Esta Pol\u00edtica de Privacidad explica c\u00f3mo recopilamos, protegemos, usamos y compartimos la informaci\u00f3n sobre usted.","robots":{"index":"index","follow":"follow","max-snippet":"max-snippet:-1","max-image-preview":"max-image-preview:large","max-video-preview":"max-video-preview:-1"},"canonical":"https:\/\/ocidentaladventures.pt\/es\/politica-privacidad\/","og_locale":"es_ES","og_type":"article","og_title":"Pol\u00edtica de Privacidad - Ocidental Adventures","og_description":"Esta Pol\u00edtica de Privacidad explica c\u00f3mo recopilamos, protegemos, usamos y compartimos la informaci\u00f3n sobre usted.","og_url":"https:\/\/ocidentaladventures.pt\/es\/politica-privacidad\/","og_site_name":"Ocidental Adventures","article_modified_time":"2023-01-13T09:40:00+00:00","twitter_card":"summary_large_image","twitter_misc":{"Tiempo de lectura":"13 minutos"},"schema":{"@context":"https:\/\/schema.org","@graph":[{"@type":"WebPage","@id":"https:\/\/ocidentaladventures.pt\/es\/politica-privacidad\/","url":"https:\/\/ocidentaladventures.pt\/es\/politica-privacidad\/","name":"Pol\u00edtica de Privacidad - Ocidental Adventures","isPartOf":{"@id":"https:\/\/ocidentaladventures.pt\/#website"},"datePublished":"2022-09-07T18:48:12+00:00","dateModified":"2023-01-13T09:40:00+00:00","description":"Esta Pol\u00edtica de Privacidad explica c\u00f3mo recopilamos, protegemos, usamos y compartimos la informaci\u00f3n sobre usted.","breadcrumb":{"@id":"https:\/\/ocidentaladventures.pt\/es\/politica-privacidad\/#breadcrumb"},"inLanguage":"es","potentialAction":[{"@type":"ReadAction","target":["https:\/\/ocidentaladventures.pt\/es\/politica-privacidad\/"]}]},{"@type":"BreadcrumbList","@id":"https:\/\/ocidentaladventures.pt\/es\/politica-privacidad\/#breadcrumb","itemListElement":[{"@type":"ListItem","position":1,"name":"In\u00edcio","item":"https:\/\/ocidentaladventures.pt\/es\/"},{"@type":"ListItem","position":2,"name":"Pol\u00edtica de Privacidad"}]},{"@type":"WebSite","@id":"https:\/\/ocidentaladventures.pt\/#website","url":"https:\/\/ocidentaladventures.pt\/","name":"Ocidental Adventures","description":"","potentialAction":[{"@type":"SearchAction","target":{"@type":"EntryPoint","urlTemplate":"https:\/\/ocidentaladventures.pt\/?s={search_term_string}"},"query-input":"required name=search_term_string"}],"inLanguage":"es"}]}},"_links":{"self":[{"href":"https:\/\/ocidentaladventures.pt\/es\/wp-json\/wp\/v2\/pages\/452","targetHints":{"allow":["GET"]}}],"collection":[{"href":"https:\/\/ocidentaladventures.pt\/es\/wp-json\/wp\/v2\/pages"}],"about":[{"href":"https:\/\/ocidentaladventures.pt\/es\/wp-json\/wp\/v2\/types\/page"}],"author":[{"embeddable":true,"href":"https:\/\/ocidentaladventures.pt\/es\/wp-json\/wp\/v2\/users\/1"}],"replies":[{"embeddable":true,"href":"https:\/\/ocidentaladventures.pt\/es\/wp-json\/wp\/v2\/comments?post=452"}],"version-history":[{"count":2,"href":"https:\/\/ocidentaladventures.pt\/es\/wp-json\/wp\/v2\/pages\/452\/revisions"}],"predecessor-version":[{"id":708,"href":"https:\/\/ocidentaladventures.pt\/es\/wp-json\/wp\/v2\/pages\/452\/revisions\/708"}],"wp:attachment":[{"href":"https:\/\/ocidentaladventures.pt\/es\/wp-json\/wp\/v2\/media?parent=452"}],"curies":[{"name":"wp","href":"https:\/\/api.w.org\/{rel}","templated":true}]}}