{"id":461,"date":"2022-09-01T21:14:52","date_gmt":"2022-09-01T21:14:52","guid":{"rendered":"http:\/\/ocidentaladventures.pt\/?page_id=461"},"modified":"2024-11-14T00:59:10","modified_gmt":"2024-11-14T00:59:10","slug":"terminos-condiciones","status":"publish","type":"page","link":"https:\/\/ocidentaladventures.pt\/es\/terminos-condiciones\/","title":{"rendered":"T\u00e9rminos y Condiciones"},"content":{"rendered":"\n<p>Estos t\u00e9rminos y condiciones Generales de Venta Online, en adelante referidos por [CONDICIONES], son acordados entre OCIDENTAL ADVENTURES &#8211; con sede en la&nbsp;Rua da Cruz, 17, Santa Cruz das Flores, persona jur\u00eddica n\u00famero&nbsp;215974913&nbsp;&#8211; y los usuarios que utilizan el sitio&nbsp;ocidentaladventures.pt, deseen y realicen compras en la tienda online que en adelante ser\u00e1 denominada por [SITE].<\/p>\n\n\n\n<ul class=\"wp-block-list\" type=\"a\"><li>&nbsp;Estas condiciones se aplican exclusivamente a las personas f\u00edsicas no comerciales a que se refiere en lo sucesivo [USUARIO], entendi\u00e9ndose como tales las personas f\u00edsicas que act\u00faen con fines ajenos al \u00e1mbito de su actividad profesional, comercial, industrial o artesanal.<\/li><\/ul>\n\n\n\n<ul class=\"wp-block-list\"><li>El USUARIO deber\u00e1 leer con atenci\u00f3n los t\u00e9rminos y condiciones generales de venta, vincul\u00e1ndose expresamente a estos, al hacer clic en el Bot\u00f3n &#8220;acepto los t\u00e9rminos y condiciones generales de venta&#8221;, por lo que, no aceptando no deber\u00e1 realizar el pedido o compra.<\/li><\/ul>\n\n\n\n<ul class=\"wp-block-list\"><li>Las presentes condiciones generales no ser\u00e1n aplicables en caso de que se compruebe, por encargo efectuado, que el USUARIO no es un consumidor final, tal como se define en la letra c) del art\u00edculo 3 del Decreto Ley n.\u00ba 24\/2014, de 14 de febrero.<\/li><\/ul>\n\n\n\n<ul class=\"wp-block-list\"><li>Se reserva el derecho de OCIDENTAL ADVENTURESa a\u00f1adir, modificar o modificar sin previo aviso las presentes condiciones generales de venta en l\u00ednea, modificar el precio de venta, o modificar o sustituir los productos disponibles, considerando que el USUARIO al efectuar nuevo pedido o compra acepta y se vincula expresamente a los nuevos t\u00e9rminos y condiciones generales y precios de venta.<\/li><\/ul>\n\n\n\n<ol class=\"wp-block-list\" type=\"1\"><li><strong>Definiciones<\/strong><\/li><\/ol>\n\n\n\n<p>1.1&nbsp;&nbsp;OCIDENTAL ADVENTURES en adelante denominado por [VENDEDOR] es una persona jur\u00eddica o empresario en nombre individual que tiene productos para la venta en la WEB.&nbsp;<\/p>\n\n\n\n<p>1.2&nbsp;&nbsp;&nbsp;&nbsp;El USUARIO es una persona f\u00edsica que act\u00faa con fines que no se integran en el \u00e1mbito de su actividad comercial, industrial, artesanal o profesional y que utiliza la WEB efect\u00faa pedidos de pedido de productos o compras de productos.<\/p>\n\n\n\n<ol class=\"wp-block-list\" type=\"1\"><li>PRODUCTO O PEDIDO: art\u00edculo en el SITIO para la venta en l\u00ednea.<\/li><\/ol>\n\n\n\n<ul class=\"wp-block-list\"><li><strong>Servicios y Precios&nbsp;<\/strong><ul><li>LA EMPRESA ofrece, a trav\u00e9s del SITIO, una amplia gama de servicios para la venta.<\/li><\/ul><ul><li>Todos los precios incluyen IVA al tipo legal vigente en la Regi\u00f3n Aut\u00f3noma de las Azores.<\/li><\/ul><ul><li>Los precios se indican siempre en euros.<\/li><\/ul><ul><li>Las im\u00e1genes mostradas pueden no coincidir exactamente con el producto mostrado. Por razones t\u00e9cnicas, los colores presentados tambi\u00e9n pueden diferir ligeramente de los colores reales.<\/li><\/ul><ul><li>&nbsp;El SITIO WEB se actualiza con la m\u00e1xima atenci\u00f3n sin embargo puede ocurrir que la informaci\u00f3n relativa al precio pueda contener error, por lo que VICTOR MATOS, SOCIEDAD UNIPERSONAL, LDA, no se compromete con la oferta reserv\u00e1ndose en el derecho de cancelar el pedido en caso de que tal error ocurra.&nbsp;<\/li><\/ul><ul><li>&nbsp;OCIDENTAL ADVENTURES declina cualquier responsabilidad por eventuales errores que ocurran en el SITIO, o encontr\u00e1ndose el SITIO inaccesible.&nbsp;<\/li><\/ul><\/li><\/ul>\n\n\n\n<p><strong>SOLICITUD DE RESERVA<\/strong><\/p>\n\n\n\n<p>&nbsp;Las reservas en el SITIO se pueden hacer 24 horas al d\u00eda, 7 d\u00edas a la semana, salvo en caso de fallo por fuerza mayor.<\/p>\n\n\n\n<p>Para reservar una de las actividades, elija la deseada y sus fechas y ser\u00e1 redirigido a nuestro sistema de reservas.<\/p>\n\n\n\n<p>&nbsp;Introduzca sus datos y proceda con la reserva.<\/p>\n\n\n\n<p>&nbsp;Despu\u00e9s de haber introducido sus datos personales, confirme tambi\u00e9n la intenci\u00f3n de efectuar la reserva y complete con el pago.<\/p>\n\n\n\n<p>Una vez hecha la confirmaci\u00f3n, su reserva ser\u00e1 procesada y podr\u00e1 cancelarla hasta 48 horas antes del inicio de la actividad. Obtendr\u00e1s el 100% de tu reembolso, con exenci\u00f3n de cargos.&nbsp;&nbsp;<\/p>\n\n\n\n<p>&nbsp;Su reserva no ser\u00e1 aceptada y el contrato no se habr\u00e1 concluido hasta que reciba por correo electr\u00f3nico la confirmaci\u00f3n de la aceptaci\u00f3n del pedido y efect\u00fae el pago del mismo.<\/p>\n\n\n\n<p>&nbsp;El pago deber\u00e1 hacerse en el momento de la confirmaci\u00f3n del PEDIDO.<\/p>\n\n\n\n<p>Los m\u00e9todos de pago aceptados son: Multibanco, Visa\/Mastercard, MbWay&nbsp;<\/p>\n\n\n\n<p>El punto de encuentro ser\u00e1 a definir por Occidental Adventures o en la direcci\u00f3n\/recepci\u00f3n de su alojamiento u hotel, si solicita transfer, en el horario indicado de cada actividad. se dar\u00e1 una tolerancia de hasta 10 minutos en el punto de encuentro definido;<\/p>\n\n\n\n<p>En ning\u00fan caso se podr\u00e1 responsabilizar a Western Adventures por las condiciones meteorol\u00f3gicas o por la no visualizaci\u00f3n de alg\u00fan punto de inter\u00e9s debido a las mismas;<\/p>\n\n\n\n<p>Todas las actividades y excursiones est\u00e1n sujetas a las condiciones meteorol\u00f3gicas y pueden sufrir cambios de itinerario, pueden ser pospuestas o canceladas siempre que no cumplan con las condiciones de seguridad;<\/p>\n\n\n\n<p>Todas las reservas est\u00e1n sujetas a disponibilidad y a un m\u00ednimo de 02 participantes, excepto los servicios privados;<\/p>\n\n\n\n<ul class=\"wp-block-list\"><li><strong>Rescisi\u00f3n del contrato y devoluciones<\/strong><\/li><\/ul>\n\n\n\n<p>30. El USUARIO tiene el derecho de cancelar la compra en un plazo m\u00e1ximo de 72 horas antes de la actividad.<\/p>\n\n\n\n<p>El consumidor perder\u00e1 el derecho de libre resoluci\u00f3n si las condiciones anteriores no se confirman.<\/p>\n\n\n\n<p>33. Con posterioridad a la cancelaci\u00f3n del servicio dentro del plazo establecido, la empresa reembolsar\u00e1, preferentemente con el mismo m\u00e9todo de pago, si es posible, en un plazo m\u00e1ximo de 14 d\u00edas, los importes pagados por el cliente, sin gastos para \u00e9ste.<\/p>\n\n\n\n<ul class=\"wp-block-list\"><li><strong>Litigios en materia de consumo<\/strong><ul><li>La Uni\u00f3n Europea ha creado un sitio web para ayudar a los consumidores a presentar sus reclamaciones sobre cualquier litigio en el que est\u00e9n involucrados. En este \u00e1mbito, OCIDENTAL ADVENTURES pone a disposici\u00f3n toda la informaci\u00f3n para que pueda ejercer su derecho de reclamaci\u00f3n ante una entidad oficial, tercera e imparcial al proceso. Por lo tanto, si no est\u00e1 satisfecho con la adquisici\u00f3n de un bien o servicio en nuestro sitio web, o con la soluci\u00f3n presentada por nosotros para resolver la situaci\u00f3n, puede acceder a este sitio web oficial https:\/\/ec.europa.eu\/consumers\/odr y exponer su impugnaci\u00f3n.<\/li><\/ul><ul><li>Todos los mensajes electr\u00f3nicos enviados durante el acceso a la tienda en l\u00ednea, incluidos los correos electr\u00f3nicos y mensajes a trav\u00e9s de un navegador web, se considerar\u00e1n, a efectos de la legislaci\u00f3n aplicable, como declaraciones contractuales.<\/li><\/ul><ul><li>La resoluci\u00f3n alternativa de litigios es la posibilidad que tienen todos los consumidores de recurrir a entidades oficiales que les ayuden en la resoluci\u00f3n, u orientaci\u00f3n de alg\u00fan conflicto, antes de iniciar procedimientos judiciales. Por regla general, el procedimiento es el siguiente: el cliente solicita a un tercero imparcial que intervenga como intermediario entre \u00e9l y el comerciante, que es el objeto de su reclamaci\u00f3n. El intermediario puede sugerir una soluci\u00f3n a su reclamaci\u00f3n, imponer una soluci\u00f3n a ambas partes, o reunir a las partes para encontrar una soluci\u00f3n.<\/li><\/ul><ul><li>Tal vez conozca el concepto de soluci\u00f3n alternativa de controversias por otro nombre: de mediaci\u00f3n&#8217;, de conciliaci\u00f3n&#8217;, de arbitraje&#8217; o de comisi\u00f3n competente en materia de litigios de consumo&#8217;.<\/li><\/ul><ul><li>La resoluci\u00f3n alternativa de litigios suele ser menos costosa, menos formal y m\u00e1s r\u00e1pida que la v\u00eda judicial.<\/li><\/ul><\/li><\/ul>\n\n\n\n<ul class=\"wp-block-list\"><li><strong>Sugerencias de entidades de resoluci\u00f3n alternativa de litigios:<\/strong><\/li><\/ul>\n\n\n\n<p>Cniacc \u2013 Centro Nacional de Informa\u00e7\u00e3o e Arbitragem de Conflitos de Consumo<\/p>\n\n\n\n<figure class=\"wp-block-embed\"><div class=\"wp-block-embed__wrapper\">\nhttps:\/\/www.cniacc.pt\/pt\/\n<\/div><\/figure>\n\n\n\n<p>Centro de Arbitragem de Conflitos de Consumo de Lisboa<\/p>\n\n\n\n<p>http:\/\/www.centroarbitragemlisboa.pt\/<\/p>\n\n\n\n<p>Centro de Arbitragem de Conflitos de Consumo do Vale do Ave\/Tribunal Arbitral<\/p>\n\n\n\n<p><blockquote class=\"wp-embedded-content\" data-secret=\"Ap1x8Ujfjg\"><a href=\"https:\/\/www.triave.pt\/\">Home<\/a><\/blockquote><iframe class=\"wp-embedded-content\" sandbox=\"allow-scripts\" security=\"restricted\" style=\"position: absolute; clip: rect(1px, 1px, 1px, 1px);\" title=\"&#8220;Home&#8221; &#8212; TRIAVE\" src=\"https:\/\/www.triave.pt\/embed\/#?secret=85AYk4fMID#?secret=Ap1x8Ujfjg\" data-secret=\"Ap1x8Ujfjg\" width=\"600\" height=\"338\" frameborder=\"0\" marginwidth=\"0\" marginheight=\"0\" scrolling=\"no\"><\/iframe><\/p>\n\n\n\n<p>Ciab \u2013 Centro de Informa\u00e7\u00e3o, Media\u00e7\u00e3o e Arbitragem de Consumo (Tribunal Arbitral de Consumo)<\/p>\n\n\n\n<p>http:\/\/www.ciab.pt\/pt\/<\/p>\n\n\n\n<p>Cicap \u2013 Tribunal Arbitral de Consumo<\/p>\n\n\n\n<figure class=\"wp-block-embed is-type-wp-embed is-provider-cicap wp-block-embed-cicap\"><div class=\"wp-block-embed__wrapper\">\n<blockquote class=\"wp-embedded-content\" data-secret=\"LIW89fUM1e\"><a href=\"https:\/\/cicap.pt\/\">Home<\/a><\/blockquote><iframe class=\"wp-embedded-content\" sandbox=\"allow-scripts\" security=\"restricted\" style=\"position: absolute; clip: rect(1px, 1px, 1px, 1px);\" title=\"&#8220;Home&#8221; &#8212; CICAP\" src=\"https:\/\/cicap.pt\/embed\/#?secret=dTdLFbLP7y#?secret=LIW89fUM1e\" data-secret=\"LIW89fUM1e\" width=\"600\" height=\"338\" frameborder=\"0\" marginwidth=\"0\" marginheight=\"0\" scrolling=\"no\"><\/iframe>\n<\/div><\/figure>\n\n\n\n<p><strong>Disposiciones finales<\/strong><\/p>\n\n\n\n<p>Todos los mensajes electr\u00f3nicos enviados durante el acceso a la tienda en l\u00ednea, incluidos los correos electr\u00f3nicos y mensajes a trav\u00e9s de un navegador web, se considerar\u00e1n, a efectos de la legislaci\u00f3n aplicable, como declaraciones contractuales.<\/p>\n\n\n\n<p>OCIDENTAL ADVENTURES podr\u00e1 enviar al cliente informaci\u00f3n sobre nuevos productos, promociones u otras de inter\u00e9s para los clientes de la tienda online, si el cliente se ha suscrito al bolet\u00edn.<\/p>\n\n\n\n<p>Para cualquier comentario o pregunta, por favor, p\u00f3ngase en contacto con nuestra l\u00ednea de atenci\u00f3n al cliente a trav\u00e9s del n\u00famero:&nbsp;+351&nbsp;918867466&nbsp;o correo electr\u00f3nico&nbsp;info@ocidentaladventures.pt.<\/p>\n","protected":false},"excerpt":{"rendered":"<p>Estos t\u00e9rminos y condiciones Generales de Venta Online, en adelante referidos por [CONDICIONES], son acordados entre OCIDENTAL ADVENTURES &#8211; con sede en la&nbsp;Rua da Cruz, 17, Santa Cruz das Flores,&hellip;<\/p>\n","protected":false},"author":1,"featured_media":0,"parent":0,"menu_order":0,"comment_status":"closed","ping_status":"closed","template":"","meta":{"footnotes":""},"class_list":["post-461","page","type-page","status-publish","hentry"],"acf":[],"yoast_head":"<!-- This site is optimized with the Yoast SEO plugin v19.6.1 - https:\/\/yoast.com\/wordpress\/plugins\/seo\/ -->\n<title>T\u00e9rminos y Condiciones - Ocidental Adventures<\/title>\n<meta name=\"description\" content=\"Estos t\u00e9rminos y condiciones son acordados entre OCIDENTAL ADVENTURES y los usuarios que utilizan el sitio ocidentaladventures.pt\" \/>\n<meta name=\"robots\" content=\"index, follow, max-snippet:-1, max-image-preview:large, max-video-preview:-1\" \/>\n<link rel=\"canonical\" href=\"https:\/\/ocidentaladventures.pt\/es\/terminos-condiciones\/\" \/>\n<meta property=\"og:locale\" content=\"es_ES\" \/>\n<meta property=\"og:type\" content=\"article\" \/>\n<meta property=\"og:title\" content=\"T\u00e9rminos y Condiciones - Ocidental Adventures\" \/>\n<meta property=\"og:description\" content=\"Estos t\u00e9rminos y condiciones son acordados entre OCIDENTAL ADVENTURES y los usuarios que utilizan el sitio ocidentaladventures.pt\" \/>\n<meta property=\"og:url\" content=\"https:\/\/ocidentaladventures.pt\/es\/terminos-condiciones\/\" \/>\n<meta property=\"og:site_name\" content=\"Ocidental Adventures\" \/>\n<meta property=\"article:modified_time\" content=\"2024-11-14T00:59:10+00:00\" \/>\n<meta name=\"twitter:card\" content=\"summary_large_image\" \/>\n<meta name=\"twitter:label1\" content=\"Tiempo de lectura\" \/>\n\t<meta name=\"twitter:data1\" content=\"7 minutos\" \/>\n<script type=\"application\/ld+json\" class=\"yoast-schema-graph\">{\"@context\":\"https:\/\/schema.org\",\"@graph\":[{\"@type\":\"WebPage\",\"@id\":\"https:\/\/ocidentaladventures.pt\/es\/terminos-condiciones\/\",\"url\":\"https:\/\/ocidentaladventures.pt\/es\/terminos-condiciones\/\",\"name\":\"T\u00e9rminos y Condiciones - Ocidental Adventures\",\"isPartOf\":{\"@id\":\"https:\/\/ocidentaladventures.pt\/#website\"},\"datePublished\":\"2022-09-01T21:14:52+00:00\",\"dateModified\":\"2024-11-14T00:59:10+00:00\",\"description\":\"Estos t\u00e9rminos y condiciones son acordados entre OCIDENTAL ADVENTURES y los usuarios que utilizan el sitio ocidentaladventures.pt\",\"breadcrumb\":{\"@id\":\"https:\/\/ocidentaladventures.pt\/es\/terminos-condiciones\/#breadcrumb\"},\"inLanguage\":\"es\",\"potentialAction\":[{\"@type\":\"ReadAction\",\"target\":[\"https:\/\/ocidentaladventures.pt\/es\/terminos-condiciones\/\"]}]},{\"@type\":\"BreadcrumbList\",\"@id\":\"https:\/\/ocidentaladventures.pt\/es\/terminos-condiciones\/#breadcrumb\",\"itemListElement\":[{\"@type\":\"ListItem\",\"position\":1,\"name\":\"In\u00edcio\",\"item\":\"https:\/\/ocidentaladventures.pt\/es\/\"},{\"@type\":\"ListItem\",\"position\":2,\"name\":\"T\u00e9rminos y Condiciones\"}]},{\"@type\":\"WebSite\",\"@id\":\"https:\/\/ocidentaladventures.pt\/#website\",\"url\":\"https:\/\/ocidentaladventures.pt\/\",\"name\":\"Ocidental Adventures\",\"description\":\"\",\"potentialAction\":[{\"@type\":\"SearchAction\",\"target\":{\"@type\":\"EntryPoint\",\"urlTemplate\":\"https:\/\/ocidentaladventures.pt\/?s={search_term_string}\"},\"query-input\":\"required name=search_term_string\"}],\"inLanguage\":\"es\"}]}<\/script>\n<!-- \/ Yoast SEO plugin. -->","yoast_head_json":{"title":"T\u00e9rminos y Condiciones - Ocidental Adventures","description":"Estos t\u00e9rminos y condiciones son acordados entre OCIDENTAL ADVENTURES y los usuarios que utilizan el sitio ocidentaladventures.pt","robots":{"index":"index","follow":"follow","max-snippet":"max-snippet:-1","max-image-preview":"max-image-preview:large","max-video-preview":"max-video-preview:-1"},"canonical":"https:\/\/ocidentaladventures.pt\/es\/terminos-condiciones\/","og_locale":"es_ES","og_type":"article","og_title":"T\u00e9rminos y Condiciones - Ocidental Adventures","og_description":"Estos t\u00e9rminos y condiciones son acordados entre OCIDENTAL ADVENTURES y los usuarios que utilizan el sitio ocidentaladventures.pt","og_url":"https:\/\/ocidentaladventures.pt\/es\/terminos-condiciones\/","og_site_name":"Ocidental Adventures","article_modified_time":"2024-11-14T00:59:10+00:00","twitter_card":"summary_large_image","twitter_misc":{"Tiempo de lectura":"7 minutos"},"schema":{"@context":"https:\/\/schema.org","@graph":[{"@type":"WebPage","@id":"https:\/\/ocidentaladventures.pt\/es\/terminos-condiciones\/","url":"https:\/\/ocidentaladventures.pt\/es\/terminos-condiciones\/","name":"T\u00e9rminos y Condiciones - Ocidental Adventures","isPartOf":{"@id":"https:\/\/ocidentaladventures.pt\/#website"},"datePublished":"2022-09-01T21:14:52+00:00","dateModified":"2024-11-14T00:59:10+00:00","description":"Estos t\u00e9rminos y condiciones son acordados entre OCIDENTAL ADVENTURES y los usuarios que utilizan el sitio ocidentaladventures.pt","breadcrumb":{"@id":"https:\/\/ocidentaladventures.pt\/es\/terminos-condiciones\/#breadcrumb"},"inLanguage":"es","potentialAction":[{"@type":"ReadAction","target":["https:\/\/ocidentaladventures.pt\/es\/terminos-condiciones\/"]}]},{"@type":"BreadcrumbList","@id":"https:\/\/ocidentaladventures.pt\/es\/terminos-condiciones\/#breadcrumb","itemListElement":[{"@type":"ListItem","position":1,"name":"In\u00edcio","item":"https:\/\/ocidentaladventures.pt\/es\/"},{"@type":"ListItem","position":2,"name":"T\u00e9rminos y Condiciones"}]},{"@type":"WebSite","@id":"https:\/\/ocidentaladventures.pt\/#website","url":"https:\/\/ocidentaladventures.pt\/","name":"Ocidental Adventures","description":"","potentialAction":[{"@type":"SearchAction","target":{"@type":"EntryPoint","urlTemplate":"https:\/\/ocidentaladventures.pt\/?s={search_term_string}"},"query-input":"required name=search_term_string"}],"inLanguage":"es"}]}},"_links":{"self":[{"href":"https:\/\/ocidentaladventures.pt\/es\/wp-json\/wp\/v2\/pages\/461","targetHints":{"allow":["GET"]}}],"collection":[{"href":"https:\/\/ocidentaladventures.pt\/es\/wp-json\/wp\/v2\/pages"}],"about":[{"href":"https:\/\/ocidentaladventures.pt\/es\/wp-json\/wp\/v2\/types\/page"}],"author":[{"embeddable":true,"href":"https:\/\/ocidentaladventures.pt\/es\/wp-json\/wp\/v2\/users\/1"}],"replies":[{"embeddable":true,"href":"https:\/\/ocidentaladventures.pt\/es\/wp-json\/wp\/v2\/comments?post=461"}],"version-history":[{"count":4,"href":"https:\/\/ocidentaladventures.pt\/es\/wp-json\/wp\/v2\/pages\/461\/revisions"}],"predecessor-version":[{"id":2091,"href":"https:\/\/ocidentaladventures.pt\/es\/wp-json\/wp\/v2\/pages\/461\/revisions\/2091"}],"wp:attachment":[{"href":"https:\/\/ocidentaladventures.pt\/es\/wp-json\/wp\/v2\/media?parent=461"}],"curies":[{"name":"wp","href":"https:\/\/api.w.org\/{rel}","templated":true}]}}