{"id":473,"date":"2022-09-01T20:43:57","date_gmt":"2022-09-01T20:43:57","guid":{"rendered":"http:\/\/ocidentaladventures.pt\/?page_id=473"},"modified":"2023-01-20T16:36:28","modified_gmt":"2023-01-20T16:36:28","slug":"blog-que-ver-en-azores","status":"publish","type":"page","link":"https:\/\/ocidentaladventures.pt\/es\/blog-que-ver-en-azores\/","title":{"rendered":"Blog"},"content":{"rendered":"","protected":false},"excerpt":{"rendered":"","protected":false},"author":1,"featured_media":1008,"parent":0,"menu_order":0,"comment_status":"closed","ping_status":"closed","template":"template-custom-all-blog-posts.php","meta":{"footnotes":""},"class_list":["post-473","page","type-page","status-publish","has-post-thumbnail","hentry"],"acf":[],"yoast_head":"<!-- This site is optimized with the Yoast SEO plugin v19.6.1 - https:\/\/yoast.com\/wordpress\/plugins\/seo\/ -->\n<title>\u00bfTodav\u00eda no sabes qu\u00e9 ver en la isla de las Flores, Azores?<\/title>\n<meta name=\"description\" content=\"En Ocidental Adventures sabemos exactamente qu\u00e9 ver en la isla de las Flores, en las Azores! Prep\u00e1rate para mucha diversi\u00f3n!\" \/>\n<meta name=\"robots\" content=\"index, follow, max-snippet:-1, max-image-preview:large, max-video-preview:-1\" \/>\n<link rel=\"canonical\" href=\"https:\/\/ocidentaladventures.pt\/es\/blog-que-ver-en-azores\/\" \/>\n<meta property=\"og:locale\" content=\"es_ES\" \/>\n<meta property=\"og:type\" content=\"article\" \/>\n<meta property=\"og:title\" content=\"\u00bfTodav\u00eda no sabes qu\u00e9 ver en la isla de las Flores, Azores?\" \/>\n<meta property=\"og:description\" content=\"En Ocidental Adventures sabemos exactamente qu\u00e9 ver en la isla de las Flores, en las Azores! Prep\u00e1rate para mucha diversi\u00f3n!\" \/>\n<meta property=\"og:url\" content=\"https:\/\/ocidentaladventures.pt\/es\/blog-que-ver-en-azores\/\" \/>\n<meta property=\"og:site_name\" content=\"Ocidental Adventures\" \/>\n<meta property=\"article:modified_time\" content=\"2023-01-20T16:36:28+00:00\" \/>\n<meta property=\"og:image\" content=\"https:\/\/ocidentaladventures.pt\/wp-content\/uploads\/2023\/01\/A7I03946-scaled.jpg\" \/>\n\t<meta property=\"og:image:width\" content=\"2560\" \/>\n\t<meta property=\"og:image:height\" content=\"1707\" \/>\n\t<meta property=\"og:image:type\" content=\"image\/jpeg\" \/>\n<meta name=\"twitter:card\" content=\"summary_large_image\" \/>\n<script type=\"application\/ld+json\" class=\"yoast-schema-graph\">{\"@context\":\"https:\/\/schema.org\",\"@graph\":[{\"@type\":\"WebPage\",\"@id\":\"https:\/\/ocidentaladventures.pt\/es\/blog-que-ver-en-azores\/\",\"url\":\"https:\/\/ocidentaladventures.pt\/es\/blog-que-ver-en-azores\/\",\"name\":\"\u00bfTodav\u00eda no sabes qu\u00e9 ver en la isla de las Flores, Azores?\",\"isPartOf\":{\"@id\":\"https:\/\/ocidentaladventures.pt\/#website\"},\"datePublished\":\"2022-09-01T20:43:57+00:00\",\"dateModified\":\"2023-01-20T16:36:28+00:00\",\"description\":\"En Ocidental Adventures sabemos exactamente qu\u00e9 ver en la isla de las Flores, en las Azores! Prep\u00e1rate para mucha diversi\u00f3n!\",\"breadcrumb\":{\"@id\":\"https:\/\/ocidentaladventures.pt\/es\/blog-que-ver-en-azores\/#breadcrumb\"},\"inLanguage\":\"es\",\"potentialAction\":[{\"@type\":\"ReadAction\",\"target\":[\"https:\/\/ocidentaladventures.pt\/es\/blog-que-ver-en-azores\/\"]}]},{\"@type\":\"BreadcrumbList\",\"@id\":\"https:\/\/ocidentaladventures.pt\/es\/blog-que-ver-en-azores\/#breadcrumb\",\"itemListElement\":[{\"@type\":\"ListItem\",\"position\":1,\"name\":\"In\u00edcio\",\"item\":\"https:\/\/ocidentaladventures.pt\/es\/\"},{\"@type\":\"ListItem\",\"position\":2,\"name\":\"Blog\"}]},{\"@type\":\"WebSite\",\"@id\":\"https:\/\/ocidentaladventures.pt\/#website\",\"url\":\"https:\/\/ocidentaladventures.pt\/\",\"name\":\"Ocidental Adventures\",\"description\":\"\",\"potentialAction\":[{\"@type\":\"SearchAction\",\"target\":{\"@type\":\"EntryPoint\",\"urlTemplate\":\"https:\/\/ocidentaladventures.pt\/?s={search_term_string}\"},\"query-input\":\"required name=search_term_string\"}],\"inLanguage\":\"es\"}]}<\/script>\n<!-- \/ Yoast SEO plugin. -->","yoast_head_json":{"title":"\u00bfTodav\u00eda no sabes qu\u00e9 ver en la isla de las Flores, Azores?","description":"En Ocidental Adventures sabemos exactamente qu\u00e9 ver en la isla de las Flores, en las Azores! Prep\u00e1rate para mucha diversi\u00f3n!","robots":{"index":"index","follow":"follow","max-snippet":"max-snippet:-1","max-image-preview":"max-image-preview:large","max-video-preview":"max-video-preview:-1"},"canonical":"https:\/\/ocidentaladventures.pt\/es\/blog-que-ver-en-azores\/","og_locale":"es_ES","og_type":"article","og_title":"\u00bfTodav\u00eda no sabes qu\u00e9 ver en la isla de las Flores, Azores?","og_description":"En Ocidental Adventures sabemos exactamente qu\u00e9 ver en la isla de las Flores, en las Azores! Prep\u00e1rate para mucha diversi\u00f3n!","og_url":"https:\/\/ocidentaladventures.pt\/es\/blog-que-ver-en-azores\/","og_site_name":"Ocidental Adventures","article_modified_time":"2023-01-20T16:36:28+00:00","og_image":[{"width":2560,"height":1707,"url":"https:\/\/ocidentaladventures.pt\/wp-content\/uploads\/2023\/01\/A7I03946-scaled.jpg","type":"image\/jpeg"}],"twitter_card":"summary_large_image","schema":{"@context":"https:\/\/schema.org","@graph":[{"@type":"WebPage","@id":"https:\/\/ocidentaladventures.pt\/es\/blog-que-ver-en-azores\/","url":"https:\/\/ocidentaladventures.pt\/es\/blog-que-ver-en-azores\/","name":"\u00bfTodav\u00eda no sabes qu\u00e9 ver en la isla de las Flores, Azores?","isPartOf":{"@id":"https:\/\/ocidentaladventures.pt\/#website"},"datePublished":"2022-09-01T20:43:57+00:00","dateModified":"2023-01-20T16:36:28+00:00","description":"En Ocidental Adventures sabemos exactamente qu\u00e9 ver en la isla de las Flores, en las Azores! Prep\u00e1rate para mucha diversi\u00f3n!","breadcrumb":{"@id":"https:\/\/ocidentaladventures.pt\/es\/blog-que-ver-en-azores\/#breadcrumb"},"inLanguage":"es","potentialAction":[{"@type":"ReadAction","target":["https:\/\/ocidentaladventures.pt\/es\/blog-que-ver-en-azores\/"]}]},{"@type":"BreadcrumbList","@id":"https:\/\/ocidentaladventures.pt\/es\/blog-que-ver-en-azores\/#breadcrumb","itemListElement":[{"@type":"ListItem","position":1,"name":"In\u00edcio","item":"https:\/\/ocidentaladventures.pt\/es\/"},{"@type":"ListItem","position":2,"name":"Blog"}]},{"@type":"WebSite","@id":"https:\/\/ocidentaladventures.pt\/#website","url":"https:\/\/ocidentaladventures.pt\/","name":"Ocidental Adventures","description":"","potentialAction":[{"@type":"SearchAction","target":{"@type":"EntryPoint","urlTemplate":"https:\/\/ocidentaladventures.pt\/?s={search_term_string}"},"query-input":"required name=search_term_string"}],"inLanguage":"es"}]}},"_links":{"self":[{"href":"https:\/\/ocidentaladventures.pt\/es\/wp-json\/wp\/v2\/pages\/473","targetHints":{"allow":["GET"]}}],"collection":[{"href":"https:\/\/ocidentaladventures.pt\/es\/wp-json\/wp\/v2\/pages"}],"about":[{"href":"https:\/\/ocidentaladventures.pt\/es\/wp-json\/wp\/v2\/types\/page"}],"author":[{"embeddable":true,"href":"https:\/\/ocidentaladventures.pt\/es\/wp-json\/wp\/v2\/users\/1"}],"replies":[{"embeddable":true,"href":"https:\/\/ocidentaladventures.pt\/es\/wp-json\/wp\/v2\/comments?post=473"}],"version-history":[{"count":1,"href":"https:\/\/ocidentaladventures.pt\/es\/wp-json\/wp\/v2\/pages\/473\/revisions"}],"predecessor-version":[{"id":474,"href":"https:\/\/ocidentaladventures.pt\/es\/wp-json\/wp\/v2\/pages\/473\/revisions\/474"}],"wp:featuredmedia":[{"embeddable":true,"href":"https:\/\/ocidentaladventures.pt\/es\/wp-json\/wp\/v2\/media\/1008"}],"wp:attachment":[{"href":"https:\/\/ocidentaladventures.pt\/es\/wp-json\/wp\/v2\/media?parent=473"}],"curies":[{"name":"wp","href":"https:\/\/api.w.org\/{rel}","templated":true}]}}