{"id":359,"date":"2022-09-03T16:31:59","date_gmt":"2022-09-03T16:31:59","guid":{"rendered":"http:\/\/ocidentaladventures.pt\/mon-compte\/"},"modified":"2023-01-20T13:09:19","modified_gmt":"2023-01-20T13:09:19","slug":"mon-compte","status":"publish","type":"page","link":"https:\/\/ocidentaladventures.pt\/fr\/mon-compte\/","title":{"rendered":"Mon compte"},"content":{"rendered":"<div class=\"woocommerce\"><\/div>\n","protected":false},"excerpt":{"rendered":"","protected":false},"author":1,"featured_media":0,"parent":0,"menu_order":0,"comment_status":"closed","ping_status":"closed","template":"","meta":{"footnotes":""},"class_list":["post-359","page","type-page","status-publish","hentry"],"acf":[],"yoast_head":"<!-- This site is optimized with the Yoast SEO plugin v19.6.1 - https:\/\/yoast.com\/wordpress\/plugins\/seo\/ -->\n<title>Ocidental Adventures - Les Meilleures Aventures Vous Attendent!<\/title>\n<meta name=\"description\" content=\"Sur la page &quot;Mon compte&quot; vous pouvez acc\u00e9der \u00e0 vos donn\u00e9es, ainsi que toutes vos activit\u00e9s pr\u00e9f\u00e9r\u00e9es. D\u00e9couvrez l\u2019\u00eele de Flores!\" \/>\n<meta name=\"robots\" content=\"index, follow, max-snippet:-1, max-image-preview:large, max-video-preview:-1\" \/>\n<link rel=\"canonical\" href=\"https:\/\/ocidentaladventures.pt\/fr\/mon-compte\/\" \/>\n<meta property=\"og:locale\" content=\"fr_FR\" \/>\n<meta property=\"og:type\" content=\"article\" \/>\n<meta property=\"og:title\" content=\"Ocidental Adventures - Les Meilleures Aventures Vous Attendent!\" \/>\n<meta property=\"og:description\" content=\"Sur la page &quot;Mon compte&quot; vous pouvez acc\u00e9der \u00e0 vos donn\u00e9es, ainsi que toutes vos activit\u00e9s pr\u00e9f\u00e9r\u00e9es. D\u00e9couvrez l\u2019\u00eele de Flores!\" \/>\n<meta property=\"og:url\" content=\"https:\/\/ocidentaladventures.pt\/fr\/mon-compte\/\" \/>\n<meta property=\"og:site_name\" content=\"Ocidental Adventures\" \/>\n<meta property=\"article:modified_time\" content=\"2023-01-20T13:09:19+00:00\" \/>\n<meta name=\"twitter:card\" content=\"summary_large_image\" \/>\n<script type=\"application\/ld+json\" class=\"yoast-schema-graph\">{\"@context\":\"https:\/\/schema.org\",\"@graph\":[{\"@type\":\"WebPage\",\"@id\":\"https:\/\/ocidentaladventures.pt\/fr\/mon-compte\/\",\"url\":\"https:\/\/ocidentaladventures.pt\/fr\/mon-compte\/\",\"name\":\"Ocidental Adventures - Les Meilleures Aventures Vous Attendent!\",\"isPartOf\":{\"@id\":\"https:\/\/ocidentaladventures.pt\/#website\"},\"datePublished\":\"2022-09-03T16:31:59+00:00\",\"dateModified\":\"2023-01-20T13:09:19+00:00\",\"description\":\"Sur la page \\\"Mon compte\\\" vous pouvez acc\u00e9der \u00e0 vos donn\u00e9es, ainsi que toutes vos activit\u00e9s pr\u00e9f\u00e9r\u00e9es. D\u00e9couvrez l\u2019\u00eele de Flores!\",\"breadcrumb\":{\"@id\":\"https:\/\/ocidentaladventures.pt\/fr\/mon-compte\/#breadcrumb\"},\"inLanguage\":\"fr-FR\",\"potentialAction\":[{\"@type\":\"ReadAction\",\"target\":[\"https:\/\/ocidentaladventures.pt\/fr\/mon-compte\/\"]}]},{\"@type\":\"BreadcrumbList\",\"@id\":\"https:\/\/ocidentaladventures.pt\/fr\/mon-compte\/#breadcrumb\",\"itemListElement\":[{\"@type\":\"ListItem\",\"position\":1,\"name\":\"In\u00edcio\",\"item\":\"https:\/\/ocidentaladventures.pt\/fr\/\"},{\"@type\":\"ListItem\",\"position\":2,\"name\":\"Mon compte\"}]},{\"@type\":\"WebSite\",\"@id\":\"https:\/\/ocidentaladventures.pt\/#website\",\"url\":\"https:\/\/ocidentaladventures.pt\/\",\"name\":\"Ocidental Adventures\",\"description\":\"\",\"potentialAction\":[{\"@type\":\"SearchAction\",\"target\":{\"@type\":\"EntryPoint\",\"urlTemplate\":\"https:\/\/ocidentaladventures.pt\/?s={search_term_string}\"},\"query-input\":\"required name=search_term_string\"}],\"inLanguage\":\"fr-FR\"}]}<\/script>\n<!-- \/ Yoast SEO plugin. -->","yoast_head_json":{"title":"Ocidental Adventures - Les Meilleures Aventures Vous Attendent!","description":"Sur la page \"Mon compte\" vous pouvez acc\u00e9der \u00e0 vos donn\u00e9es, ainsi que toutes vos activit\u00e9s pr\u00e9f\u00e9r\u00e9es. D\u00e9couvrez l\u2019\u00eele de Flores!","robots":{"index":"index","follow":"follow","max-snippet":"max-snippet:-1","max-image-preview":"max-image-preview:large","max-video-preview":"max-video-preview:-1"},"canonical":"https:\/\/ocidentaladventures.pt\/fr\/mon-compte\/","og_locale":"fr_FR","og_type":"article","og_title":"Ocidental Adventures - Les Meilleures Aventures Vous Attendent!","og_description":"Sur la page \"Mon compte\" vous pouvez acc\u00e9der \u00e0 vos donn\u00e9es, ainsi que toutes vos activit\u00e9s pr\u00e9f\u00e9r\u00e9es. D\u00e9couvrez l\u2019\u00eele de Flores!","og_url":"https:\/\/ocidentaladventures.pt\/fr\/mon-compte\/","og_site_name":"Ocidental Adventures","article_modified_time":"2023-01-20T13:09:19+00:00","twitter_card":"summary_large_image","schema":{"@context":"https:\/\/schema.org","@graph":[{"@type":"WebPage","@id":"https:\/\/ocidentaladventures.pt\/fr\/mon-compte\/","url":"https:\/\/ocidentaladventures.pt\/fr\/mon-compte\/","name":"Ocidental Adventures - Les Meilleures Aventures Vous Attendent!","isPartOf":{"@id":"https:\/\/ocidentaladventures.pt\/#website"},"datePublished":"2022-09-03T16:31:59+00:00","dateModified":"2023-01-20T13:09:19+00:00","description":"Sur la page \"Mon compte\" vous pouvez acc\u00e9der \u00e0 vos donn\u00e9es, ainsi que toutes vos activit\u00e9s pr\u00e9f\u00e9r\u00e9es. D\u00e9couvrez l\u2019\u00eele de Flores!","breadcrumb":{"@id":"https:\/\/ocidentaladventures.pt\/fr\/mon-compte\/#breadcrumb"},"inLanguage":"fr-FR","potentialAction":[{"@type":"ReadAction","target":["https:\/\/ocidentaladventures.pt\/fr\/mon-compte\/"]}]},{"@type":"BreadcrumbList","@id":"https:\/\/ocidentaladventures.pt\/fr\/mon-compte\/#breadcrumb","itemListElement":[{"@type":"ListItem","position":1,"name":"In\u00edcio","item":"https:\/\/ocidentaladventures.pt\/fr\/"},{"@type":"ListItem","position":2,"name":"Mon compte"}]},{"@type":"WebSite","@id":"https:\/\/ocidentaladventures.pt\/#website","url":"https:\/\/ocidentaladventures.pt\/","name":"Ocidental Adventures","description":"","potentialAction":[{"@type":"SearchAction","target":{"@type":"EntryPoint","urlTemplate":"https:\/\/ocidentaladventures.pt\/?s={search_term_string}"},"query-input":"required name=search_term_string"}],"inLanguage":"fr-FR"}]}},"_links":{"self":[{"href":"https:\/\/ocidentaladventures.pt\/fr\/wp-json\/wp\/v2\/pages\/359","targetHints":{"allow":["GET"]}}],"collection":[{"href":"https:\/\/ocidentaladventures.pt\/fr\/wp-json\/wp\/v2\/pages"}],"about":[{"href":"https:\/\/ocidentaladventures.pt\/fr\/wp-json\/wp\/v2\/types\/page"}],"author":[{"embeddable":true,"href":"https:\/\/ocidentaladventures.pt\/fr\/wp-json\/wp\/v2\/users\/1"}],"replies":[{"embeddable":true,"href":"https:\/\/ocidentaladventures.pt\/fr\/wp-json\/wp\/v2\/comments?post=359"}],"version-history":[{"count":1,"href":"https:\/\/ocidentaladventures.pt\/fr\/wp-json\/wp\/v2\/pages\/359\/revisions"}],"predecessor-version":[{"id":1349,"href":"https:\/\/ocidentaladventures.pt\/fr\/wp-json\/wp\/v2\/pages\/359\/revisions\/1349"}],"wp:attachment":[{"href":"https:\/\/ocidentaladventures.pt\/fr\/wp-json\/wp\/v2\/media?parent=359"}],"curies":[{"name":"wp","href":"https:\/\/api.w.org\/{rel}","templated":true}]}}