{"id":458,"date":"2022-09-01T21:14:52","date_gmt":"2022-09-01T21:14:52","guid":{"rendered":"http:\/\/ocidentaladventures.pt\/?page_id=458"},"modified":"2024-11-14T00:57:51","modified_gmt":"2024-11-14T00:57:51","slug":"termes-conditions","status":"publish","type":"page","link":"https:\/\/ocidentaladventures.pt\/fr\/termes-conditions\/","title":{"rendered":"Termes et Conditions"},"content":{"rendered":"\n<p><strong>PR\u00c9AMBULE:<\/strong><\/p>\n\n\n\n<p>Ces conditions g\u00e9n\u00e9rales de vente en ligne, ci-apr\u00e8s d\u00e9nomm\u00e9es [CONDITIONS], sont convenues entre OCIDENTAL ADVENTURES- dont le si\u00e8ge est situ\u00e9 \u00e0&nbsp;Rua da Cruz, 17, Santa Cruz das Flores, personne morale num\u00e9ro&nbsp;215974913&nbsp;&nbsp;&#8211; et les utilisateurs qui utilisent le site web&nbsp;ocidentaladventures.pt, souhaitent et effectuent des achats dans la boutique en ligne qui sera dor\u00e9navant appel\u00e9e [SITE].<\/p>\n\n\n\n<ul type=\"a\" class=\"has-normal-font-size wp-block-list\"><li>Ces conditions s\u2019appliquent exclusivement aux personnes physiques non marchandes ci-apr\u00e8s d\u00e9nomm\u00e9es [UTILISATEUR], toute personne physique agissant \u00e0 des fins autres que son activit\u00e9 professionnelle, commerciale, industrielle ou artisanale \u00e9tant consid\u00e9r\u00e9e comme telle.<\/li><\/ul>\n\n\n\n<ul class=\"has-normal-font-size wp-block-list\"><li>L\u2019UTILISATEUR doit lire attentivement les conditions g\u00e9n\u00e9rales de vente, y compris celles-ci, en cliquant sur le bouton &#8220;J\u2019accepte les conditions g\u00e9n\u00e9rales de vente&#8221;.<\/li><\/ul>\n\n\n\n<ul class=\"has-normal-font-size wp-block-list\"><li>Les pr\u00e9sentes conditions g\u00e9n\u00e9rales ne seront pas applicables s\u2019il s\u2019av\u00e8re, par la commande effectu\u00e9e, que l\u2019UTILISATEUR n\u2019est pas un consommateur final, tel que d\u00e9fini \u00e0 l\u2019article 3, point c), du d\u00e9cret-loi n\u00ba 24\/2014, du 14&nbsp;f\u00e9vrier.<\/li><\/ul>\n\n\n\n<ul class=\"has-normal-font-size wp-block-list\"><li>OCIDENTAL ADVENTURES se r\u00e9serve le droit, sans pr\u00e9avis, d\u2019ajouter, de modifier ou de modifier les pr\u00e9sentes conditions g\u00e9n\u00e9rales de vente en ligne, de modifier le prix de vente, ou de modifier ou de remplacer les produits disponibles, consid\u00e9rant que l\u2019UTILISATEUR en passant une nouvelle commande ou achat accepte et s\u2019engage express\u00e9ment aux nouvelles conditions g\u00e9n\u00e9rales et aux prix de vente.<\/li><\/ul>\n\n\n\n<ul type=\"1\" class=\"has-medium-font-size wp-block-list\"><li><strong>D\u00e9finitions<\/strong><\/li><\/ul>\n\n\n\n<p class=\"has-normal-font-size\">Ocidental Adventures, LDA ci-apr\u00e8s d\u00e9nomm\u00e9 [VENDEUR] est une personne morale ou un entrepreneur en nom individuel qui a des produits \u00e0 vendre sur le SITE.&nbsp;<\/p>\n\n\n\n<p class=\"has-normal-font-size\">L\u2019UTILISATEUR est une personne physique qui agit \u00e0 des fins qui ne s\u2019int\u00e8grent pas dans le cadre de son activit\u00e9 commerciale, industrielle, artisanale ou professionnelle et qui, en utilisant le SITE, effectue des commandes de produits ou des achats de produits.<\/p>\n\n\n\n<p class=\"has-normal-font-size\">PRODUIT OU COMMANDE&nbsp;: article figurant sur le SITE pour la vente en ligne.<\/p>\n\n\n\n<p class=\"has-normal-font-size\">PRODUIT SPECIFIQUE&nbsp;: Article figurant sur le site avec la d\u00e9signation de produit sp\u00e9cifique et article sur commande avec ses propres caract\u00e9ristiques<\/p>\n\n\n\n<ul class=\"wp-block-list\"><li><strong>Services et prix<\/strong><ul><li>L\u2019ENTREPRISE offre, via le SITE, une large gamme de services \u00e0 la vente.<\/li><\/ul><ul><li>Tous les prix incluent la TVA au taux l\u00e9gal en vigueur dans la r\u00e9gion autonome des A\u00e7ores.<\/li><\/ul><ul><li>&nbsp;Les prix sont toujours indiqu\u00e9s en euros.<\/li><\/ul><ul><li>Les images affich\u00e9es peuvent ne pas correspondre exactement au produit pr\u00e9sent\u00e9. Pour des raisons techniques, les couleurs pr\u00e9sent\u00e9es peuvent \u00e9galement diff\u00e9rer l\u00e9g\u00e8rement des couleurs r\u00e9elles.<\/li><\/ul><ul><li>Les sp\u00e9cifications techniques, la conception ou les couleurs du produit sont susceptibles d\u2019\u00eatre modifi\u00e9es sans pr\u00e9avis.<\/li><\/ul><ul><li>Le SITE est mis \u00e0 jour avec la plus grande attention cependant il peut arriver que l\u2019information de prix puisse contenir erreur, de sorte que VICTOR MATOS, SOCIETE UNIPESSOAL, LDA, ne s\u2019engage pas \u00e0 l\u2019offre en se r\u00e9servant le droit d\u2019annuler la commande en cas d\u2019une telle erreur se produit.&nbsp;<\/li><\/ul><ul><li>OCIDENTAL ADVENTURES d\u00e9cline toute responsabilit\u00e9 pour d\u2019\u00e9ventuelles autres erreurs qui se produisent sur le SITE, ou se trouvant le SITE inaccessible.<\/li><\/ul><\/li><\/ul>\n\n\n\n<ul class=\"wp-block-list\"><li>DEMANDE DE R\u00c9SERVATION<\/li><\/ul>\n\n\n\n<p>Les r\u00e9servations sur le SITE peuvent \u00eatre effectu\u00e9es 24 heures sur 24, 7 jours sur 7, sauf en cas de force majeure.<\/p>\n\n\n\n<p>Pour r\u00e9server l\u2019une des activit\u00e9s, choisissez celle que vous souhaitez et ses dates et vous serez redirig\u00e9 vers notre syst\u00e8me de r\u00e9servation.<\/p>\n\n\n\n<p>&nbsp;Entrez vos coordonn\u00e9es et poursuivez la r\u00e9servation.<\/p>\n\n\n\n<p>Apr\u00e8s avoir entr\u00e9 vos donn\u00e9es personnelles, confirmez \u00e9galement l\u2019intention de faire la r\u00e9servation et concluez avec le paiement.<\/p>\n\n\n\n<p>Une fois la confirmation effectu\u00e9e, votre r\u00e9servation sera trait\u00e9e et vous pourrez l\u2019annuler jusqu\u2019\u00e0 72 heures avant le d\u00e9but de l\u2019activit\u00e9. Vous obtiendrez 100% de votre remboursement, hors frais.\u00a0\u00a0<\/p>\n\n\n\n<p>Votre r\u00e9servation ne sera pas accept\u00e9e et le contrat n\u2019est pas conclu tant que vous n\u2019avez pas re\u00e7u par e-mail la confirmation de l\u2019acceptation de la commande et effectu\u00e9 le paiement de celle-ci.<\/p>\n\n\n\n<p>Le paiement doit \u00eatre effectu\u00e9 au moment de la confirmation de la r\u00e9servation.<\/p>\n\n\n\n<p>Les m\u00e9thodes de paiement accept\u00e9es sont&nbsp;: ATM, Visa\/Mastercard, MbWay&nbsp;<\/p>\n\n\n\n<p>Le point de rendez-vous sera d\u00e9fini par Western Adventures ou \u00e0 l\u2019adresse\/r\u00e9ception de votre h\u00e9bergement ou h\u00f4tel, si vous demandez un transfert, \u00e0 l\u2019heure indiqu\u00e9e de chaque activit\u00e9. Une tol\u00e9rance maximale de 10 minutes est donn\u00e9e au point de rendez-vous d\u00e9fini;<\/p>\n\n\n\n<p>Ocidental Adventures ne peut en aucun cas \u00eatre tenue pour responsable des conditions m\u00e9t\u00e9orologiques ou de la non-visualisation d\u2019un point d\u2019int\u00e9r\u00eat en raison de celles-ci;<\/p>\n\n\n\n<p>Toutes les activit\u00e9s et excursions sont soumises aux conditions m\u00e9t\u00e9orologiques et peuvent subir des changements d\u2019itin\u00e9raire, peuvent \u00eatre report\u00e9es ou annul\u00e9es lorsqu\u2019elles ne r\u00e9pondent pas aux conditions de s\u00e9curit\u00e9;<\/p>\n\n\n\n<p>Toutes les r\u00e9servations sont soumises \u00e0 la disponibilit\u00e9 et \u00e0 un minimum de 02 participants, \u00e0 l\u2019exception des services priv\u00e9s&nbsp;:<\/p>\n\n\n\n<ul class=\"wp-block-list\"><li><strong>R\u00e9siliation du contrat et retours<\/strong><\/li><\/ul>\n\n\n\n<p>3.1 L\u2019UTILISATEUR a le droit d\u2019annuler l\u2019achat dans un d\u00e9lai maximum de 48 heures avant l\u2019activit\u00e9.<\/p>\n\n\n\n<p>Le consommateur perd son droit de r\u00e9tractation si les conditions pr\u00e9c\u00e9dentes ne sont pas remplies.<\/p>\n\n\n\n<p>3.2 Apr\u00e8s l\u2019annulation du service dans le d\u00e9lai imparti, l\u2019entreprise rembourse, de pr\u00e9f\u00e9rence par le m\u00eame mode de paiement si possible, dans un d\u00e9lai maximal de 14 jours, les montants pay\u00e9s par le client, sans frais pour celui-ci.<\/p>\n\n\n\n<ul class=\"wp-block-list\"><li>Litiges de consommation<ul><li>L\u2019Union europ\u00e9enne a cr\u00e9\u00e9 un site web pour aider les consommateurs \u00e0 d\u00e9poser des plaintes concernant tout litige dans lequel ils sont impliqu\u00e9s. Dans ce cadre, OCIDENTAL ADVENTURES met \u00e0 disposition toutes les informations afin que vous puissiez exercer votre droit de r\u00e9clamation aupr\u00e8s d\u2019une entit\u00e9 officielle, tierce et impartiale \u00e0 la proc\u00e9dure. Ainsi, si vous n\u2019\u00eates pas satisfait de l\u2019achat d\u2019un bien ou d\u2019un service sur notre site Web, ou de la solution que nous vous avons pr\u00e9sent\u00e9e pour r\u00e9soudre la situation, vous pouvez acc\u00e9der \u00e0 ce site officiel https:\/\/ec.europa.eu\/consumers\/odr et exposer votre contestation.<\/li><\/ul><ul><li>Tous les messages \u00e9lectroniques envoy\u00e9s lors de l\u2019acc\u00e8s \u00e0 la boutique en ligne, y compris les e-mails et les messages via un navigateur Internet, seront consid\u00e9r\u00e9s, aux fins de la loi applicable, comme des d\u00e9clarations contractuelles.<\/li><\/ul><ul><li>Le r\u00e8glement alternatif des litiges est la possibilit\u00e9 pour tous les consommateurs de faire appel \u00e0 des autorit\u00e9s officielles qui les aident \u00e0 r\u00e9soudre ou \u00e0 orienter un conflit avant d\u2019engager une proc\u00e9dure juridictionnelle. En r\u00e8gle g\u00e9n\u00e9rale, la proc\u00e9dure est la suivante&nbsp;: le client demande \u00e0 un tiers impartial d\u2019intervenir en tant qu\u2019interm\u00e9diaire entre lui-m\u00eame et le commer\u00e7ant, qui est l\u2019objet de sa r\u00e9clamation. L\u2019interm\u00e9diaire peut sugg\u00e9rer une solution \u00e0 votre r\u00e9clamation, imposer une solution aux deux parties, ou r\u00e9unir les parties pour trouver une solution.<\/li><\/ul><ul><li>Peut-\u00eatre connaissez-vous la notion de r\u00e8glement alternatif des litiges par un autre nom&nbsp;: \u2018m\u00e9diation&#8217;, \u2018conciliation&#8217;, \u2018arbitrage&#8217; ou \u2018commission comp\u00e9tente dans les litiges de consommation&#8217;.<\/li><\/ul><ul><li>Le r\u00e8glement extrajudiciaire des litiges est g\u00e9n\u00e9ralement moins co\u00fbteux, moins formel et plus rapide que la voie judiciaire.<\/li><\/ul><\/li><\/ul>\n\n\n\n<ul class=\"wp-block-list\"><li>Suggestions d\u2019entit\u00e9s de r\u00e8glement extrajudiciaire des litiges:<\/li><\/ul>\n\n\n\n<p>Cniacc \u2013 Centro Nacional de Informa\u00e7\u00e3o e Arbitragem de Conflitos de Consumo<\/p>\n\n\n\n<figure class=\"wp-block-embed\"><div class=\"wp-block-embed__wrapper\">\nhttps:\/\/www.cniacc.pt\/pt\/\n<\/div><\/figure>\n\n\n\n<p>Centro de Arbitragem de Conflitos de Consumo de Lisboa<\/p>\n\n\n\n<p>http:\/\/www.centroarbitragemlisboa.pt\/<\/p>\n\n\n\n<p>Centro de Arbitragem de Conflitos de Consumo do Vale do Ave\/Tribunal Arbitral<\/p>\n\n\n\n<p><blockquote class=\"wp-embedded-content\" data-secret=\"uQ8U8Y4gMt\"><a href=\"https:\/\/www.triave.pt\/\">Home<\/a><\/blockquote><iframe class=\"wp-embedded-content\" sandbox=\"allow-scripts\" security=\"restricted\" style=\"position: absolute; clip: rect(1px, 1px, 1px, 1px);\" title=\"&#8220;Home&#8221; &#8212; TRIAVE\" src=\"https:\/\/www.triave.pt\/embed\/#?secret=XSbUC1Xipa#?secret=uQ8U8Y4gMt\" data-secret=\"uQ8U8Y4gMt\" width=\"600\" height=\"338\" frameborder=\"0\" marginwidth=\"0\" marginheight=\"0\" scrolling=\"no\"><\/iframe><\/p>\n\n\n\n<p>Ciab \u2013 Centro de Informa\u00e7\u00e3o, Media\u00e7\u00e3o e Arbitragem de Consumo (Tribunal Arbitral de Consumo)<\/p>\n\n\n\n<p>http:\/\/www.ciab.pt\/pt\/<\/p>\n\n\n\n<p>Cicap \u2013 Tribunal Arbitral de Consumo<\/p>\n\n\n\n<figure class=\"wp-block-embed is-type-wp-embed is-provider-cicap wp-block-embed-cicap\"><div class=\"wp-block-embed__wrapper\">\n<blockquote class=\"wp-embedded-content\" data-secret=\"eMtAEPZjXi\"><a href=\"https:\/\/cicap.pt\/\">Home<\/a><\/blockquote><iframe class=\"wp-embedded-content\" sandbox=\"allow-scripts\" security=\"restricted\" style=\"position: absolute; clip: rect(1px, 1px, 1px, 1px);\" title=\"&#8220;Home&#8221; &#8212; CICAP\" src=\"https:\/\/cicap.pt\/embed\/#?secret=xYy5FsuXRq#?secret=eMtAEPZjXi\" data-secret=\"eMtAEPZjXi\" width=\"600\" height=\"338\" frameborder=\"0\" marginwidth=\"0\" marginheight=\"0\" scrolling=\"no\"><\/iframe>\n<\/div><\/figure>\n\n\n\n<ul class=\"wp-block-list\"><li>R\u00e9solutions finales<\/li><\/ul>\n\n\n\n<p>Tous les messages \u00e9lectroniques envoy\u00e9s lors de l\u2019acc\u00e8s \u00e0 la boutique en ligne, y compris les e-mails et les messages via un navigateur Internet, seront consid\u00e9r\u00e9s, aux fins de la loi applicable, comme des d\u00e9clarations contractuelles.<\/p>\n\n\n\n<p>OCIDENTAL ADVENTURES pourra envoyer au client des informations sur les nouveaux produits, promotions ou autres int\u00e9r\u00eats pour les clients de la boutique en ligne, si le client s\u2019est inscrit \u00e0 la newsletter.<\/p>\n\n\n\n<p>Pour tout commentaire ou toute question, veuillez contacter notre service client\u00e8le au&nbsp;:&nbsp;+351&nbsp;918867466&nbsp;ou \u00e0 l\u2019adresse e-mail&nbsp;info@ocidentaladventures.pt<\/p>\n","protected":false},"excerpt":{"rendered":"<p>PR\u00c9AMBULE: Ces conditions g\u00e9n\u00e9rales de vente en ligne, ci-apr\u00e8s d\u00e9nomm\u00e9es [CONDITIONS], sont convenues entre OCIDENTAL ADVENTURES- dont le si\u00e8ge est situ\u00e9 \u00e0&nbsp;Rua da Cruz, 17, Santa Cruz das Flores, personne&hellip;<\/p>\n","protected":false},"author":1,"featured_media":0,"parent":0,"menu_order":0,"comment_status":"closed","ping_status":"closed","template":"","meta":{"footnotes":""},"class_list":["post-458","page","type-page","status-publish","hentry"],"acf":[],"yoast_head":"<!-- This site is optimized with the Yoast SEO plugin v19.6.1 - https:\/\/yoast.com\/wordpress\/plugins\/seo\/ -->\n<title>Termes et Conditions - Ocidental Adventures<\/title>\n<meta name=\"description\" content=\"Les Termes et Conditions ne seront pas applicables s\u2019il s\u2019av\u00e8re, par la commande effectu\u00e9e, que l\u2019UTILISATEUR n\u2019est pas un consommateur final.\" \/>\n<meta name=\"robots\" content=\"index, follow, max-snippet:-1, max-image-preview:large, max-video-preview:-1\" \/>\n<link rel=\"canonical\" href=\"https:\/\/ocidentaladventures.pt\/fr\/termes-conditions\/\" \/>\n<meta property=\"og:locale\" content=\"fr_FR\" \/>\n<meta property=\"og:type\" content=\"article\" \/>\n<meta property=\"og:title\" content=\"Termes et Conditions - Ocidental Adventures\" \/>\n<meta property=\"og:description\" content=\"Les Termes et Conditions ne seront pas applicables s\u2019il s\u2019av\u00e8re, par la commande effectu\u00e9e, que l\u2019UTILISATEUR n\u2019est pas un consommateur final.\" \/>\n<meta property=\"og:url\" content=\"https:\/\/ocidentaladventures.pt\/fr\/termes-conditions\/\" \/>\n<meta property=\"og:site_name\" content=\"Ocidental Adventures\" \/>\n<meta property=\"article:modified_time\" content=\"2024-11-14T00:57:51+00:00\" \/>\n<meta name=\"twitter:card\" content=\"summary_large_image\" \/>\n<meta name=\"twitter:label1\" content=\"Dur\u00e9e de lecture estim\u00e9e\" \/>\n\t<meta name=\"twitter:data1\" content=\"7 minutes\" \/>\n<script type=\"application\/ld+json\" class=\"yoast-schema-graph\">{\"@context\":\"https:\/\/schema.org\",\"@graph\":[{\"@type\":\"WebPage\",\"@id\":\"https:\/\/ocidentaladventures.pt\/fr\/termes-conditions\/\",\"url\":\"https:\/\/ocidentaladventures.pt\/fr\/termes-conditions\/\",\"name\":\"Termes et Conditions - Ocidental Adventures\",\"isPartOf\":{\"@id\":\"https:\/\/ocidentaladventures.pt\/#website\"},\"datePublished\":\"2022-09-01T21:14:52+00:00\",\"dateModified\":\"2024-11-14T00:57:51+00:00\",\"description\":\"Les Termes et Conditions ne seront pas applicables s\u2019il s\u2019av\u00e8re, par la commande effectu\u00e9e, que l\u2019UTILISATEUR n\u2019est pas un consommateur final.\",\"breadcrumb\":{\"@id\":\"https:\/\/ocidentaladventures.pt\/fr\/termes-conditions\/#breadcrumb\"},\"inLanguage\":\"fr-FR\",\"potentialAction\":[{\"@type\":\"ReadAction\",\"target\":[\"https:\/\/ocidentaladventures.pt\/fr\/termes-conditions\/\"]}]},{\"@type\":\"BreadcrumbList\",\"@id\":\"https:\/\/ocidentaladventures.pt\/fr\/termes-conditions\/#breadcrumb\",\"itemListElement\":[{\"@type\":\"ListItem\",\"position\":1,\"name\":\"In\u00edcio\",\"item\":\"https:\/\/ocidentaladventures.pt\/fr\/\"},{\"@type\":\"ListItem\",\"position\":2,\"name\":\"Termes et Conditions\"}]},{\"@type\":\"WebSite\",\"@id\":\"https:\/\/ocidentaladventures.pt\/#website\",\"url\":\"https:\/\/ocidentaladventures.pt\/\",\"name\":\"Ocidental Adventures\",\"description\":\"\",\"potentialAction\":[{\"@type\":\"SearchAction\",\"target\":{\"@type\":\"EntryPoint\",\"urlTemplate\":\"https:\/\/ocidentaladventures.pt\/?s={search_term_string}\"},\"query-input\":\"required name=search_term_string\"}],\"inLanguage\":\"fr-FR\"}]}<\/script>\n<!-- \/ Yoast SEO plugin. -->","yoast_head_json":{"title":"Termes et Conditions - Ocidental Adventures","description":"Les Termes et Conditions ne seront pas applicables s\u2019il s\u2019av\u00e8re, par la commande effectu\u00e9e, que l\u2019UTILISATEUR n\u2019est pas un consommateur final.","robots":{"index":"index","follow":"follow","max-snippet":"max-snippet:-1","max-image-preview":"max-image-preview:large","max-video-preview":"max-video-preview:-1"},"canonical":"https:\/\/ocidentaladventures.pt\/fr\/termes-conditions\/","og_locale":"fr_FR","og_type":"article","og_title":"Termes et Conditions - Ocidental Adventures","og_description":"Les Termes et Conditions ne seront pas applicables s\u2019il s\u2019av\u00e8re, par la commande effectu\u00e9e, que l\u2019UTILISATEUR n\u2019est pas un consommateur final.","og_url":"https:\/\/ocidentaladventures.pt\/fr\/termes-conditions\/","og_site_name":"Ocidental Adventures","article_modified_time":"2024-11-14T00:57:51+00:00","twitter_card":"summary_large_image","twitter_misc":{"Dur\u00e9e de lecture estim\u00e9e":"7 minutes"},"schema":{"@context":"https:\/\/schema.org","@graph":[{"@type":"WebPage","@id":"https:\/\/ocidentaladventures.pt\/fr\/termes-conditions\/","url":"https:\/\/ocidentaladventures.pt\/fr\/termes-conditions\/","name":"Termes et Conditions - Ocidental Adventures","isPartOf":{"@id":"https:\/\/ocidentaladventures.pt\/#website"},"datePublished":"2022-09-01T21:14:52+00:00","dateModified":"2024-11-14T00:57:51+00:00","description":"Les Termes et Conditions ne seront pas applicables s\u2019il s\u2019av\u00e8re, par la commande effectu\u00e9e, que l\u2019UTILISATEUR n\u2019est pas un consommateur final.","breadcrumb":{"@id":"https:\/\/ocidentaladventures.pt\/fr\/termes-conditions\/#breadcrumb"},"inLanguage":"fr-FR","potentialAction":[{"@type":"ReadAction","target":["https:\/\/ocidentaladventures.pt\/fr\/termes-conditions\/"]}]},{"@type":"BreadcrumbList","@id":"https:\/\/ocidentaladventures.pt\/fr\/termes-conditions\/#breadcrumb","itemListElement":[{"@type":"ListItem","position":1,"name":"In\u00edcio","item":"https:\/\/ocidentaladventures.pt\/fr\/"},{"@type":"ListItem","position":2,"name":"Termes et Conditions"}]},{"@type":"WebSite","@id":"https:\/\/ocidentaladventures.pt\/#website","url":"https:\/\/ocidentaladventures.pt\/","name":"Ocidental Adventures","description":"","potentialAction":[{"@type":"SearchAction","target":{"@type":"EntryPoint","urlTemplate":"https:\/\/ocidentaladventures.pt\/?s={search_term_string}"},"query-input":"required name=search_term_string"}],"inLanguage":"fr-FR"}]}},"_links":{"self":[{"href":"https:\/\/ocidentaladventures.pt\/fr\/wp-json\/wp\/v2\/pages\/458","targetHints":{"allow":["GET"]}}],"collection":[{"href":"https:\/\/ocidentaladventures.pt\/fr\/wp-json\/wp\/v2\/pages"}],"about":[{"href":"https:\/\/ocidentaladventures.pt\/fr\/wp-json\/wp\/v2\/types\/page"}],"author":[{"embeddable":true,"href":"https:\/\/ocidentaladventures.pt\/fr\/wp-json\/wp\/v2\/users\/1"}],"replies":[{"embeddable":true,"href":"https:\/\/ocidentaladventures.pt\/fr\/wp-json\/wp\/v2\/comments?post=458"}],"version-history":[{"count":3,"href":"https:\/\/ocidentaladventures.pt\/fr\/wp-json\/wp\/v2\/pages\/458\/revisions"}],"predecessor-version":[{"id":2089,"href":"https:\/\/ocidentaladventures.pt\/fr\/wp-json\/wp\/v2\/pages\/458\/revisions\/2089"}],"wp:attachment":[{"href":"https:\/\/ocidentaladventures.pt\/fr\/wp-json\/wp\/v2\/media?parent=458"}],"curies":[{"name":"wp","href":"https:\/\/api.w.org\/{rel}","templated":true}]}}