{"id":492,"date":"2022-09-01T21:13:35","date_gmt":"2022-09-01T21:13:35","guid":{"rendered":"http:\/\/ocidentaladventures.pt\/?page_id=492"},"modified":"2023-01-25T13:55:23","modified_gmt":"2023-01-25T13:55:23","slug":"portefeuille-acores","status":"publish","type":"page","link":"https:\/\/ocidentaladventures.pt\/fr\/portefeuille-acores\/","title":{"rendered":"Portefeuille"},"content":{"rendered":"\t\t<div data-elementor-type=\"wp-page\" data-elementor-id=\"492\" class=\"elementor elementor-492 elementor-70\">\n\t\t\t\t\t\t\t\t\t<section class=\"penci-section penci-disSticky penci-structure-10 elementor-section elementor-top-section elementor-element elementor-element-027061e elementor-section-boxed elementor-section-height-default elementor-section-height-default\" data-id=\"027061e\" data-element_type=\"section\">\n\t\t\t\t\t\t<div class=\"elementor-container elementor-column-gap-default\">\n\t\t\t\t\t<div class=\"penci-ercol-100 penci-ercol-order-1 penci-sticky-ct    elementor-column elementor-col-100 elementor-top-column elementor-element elementor-element-26d00de\" data-id=\"26d00de\" data-element_type=\"column\">\n\t\t\t<div class=\"elementor-widget-wrap elementor-element-populated\">\n\t\t\t\t\t\t\t\t<div class=\"elementor-element elementor-element-2a0e3db elementor-widget elementor-widget-shortcode\" data-id=\"2a0e3db\" data-element_type=\"widget\" data-widget_type=\"shortcode.default\">\n\t\t\t\t<div class=\"elementor-widget-container\">\n\t\t\t\t\t<div class=\"elementor-shortcode\"><div class=\"elementor-11 portefolio_categories\">\r\n    <div class=\"categories_portefolio_button category-button active\" data-filter=\"all\">\r\n        <div data-id=\"e576b49\" data-element_type=\"widget\" data-widget_type=\"button.default\" class=\"elementor-element elementor-element-e576b49 elementor-align-left elementor-widget elementor-widget-button\">\r\n          <div class=\"elementor-widget-container\">\r\n            <div class=\"elementor-button-wrapper\">\r\n                <a class=\"elementor-button-link elementor-button elementor-size-md\" role=\"button\">\r\n                <span class=\"elementor-button-content-wrapper\">\r\n                <span class=\"elementor-button-text\">Afficher Tout<\/span>\r\n                <\/span>\r\n                <\/a>\r\n            <\/div>\r\n          <\/div>\r\n        <\/div>\r\n    <\/div>\r\n    <div class=\"categories_portefolio_button category-button\" data-filter=\"canyoning\">\r\n        <div data-id=\"e576b49\" data-element_type=\"widget\" data-widget_type=\"button.default\" class=\"elementor-element elementor-element-e576b49 elementor-align-left elementor-widget elementor-widget-button\">\r\n          <div class=\"elementor-widget-container\">\r\n            <div class=\"elementor-button-wrapper\">\r\n                <a class=\"elementor-button-link elementor-button elementor-size-md\" role=\"button\">\r\n                <span class=\"elementor-button-content-wrapper\">\r\n                <span class=\"elementor-button-text\">Canyoning<\/span>\r\n                <\/span>\r\n                <\/a>\r\n            <\/div>\r\n          <\/div>\r\n        <\/div>\r\n    <\/div>\r\n  <\/div>\r\n  <div class=\"portefolio_logo_info elementor-11\">\r\n    <div class=\"elementor-widget-wrap elementor-element-populated\">\r\n      <div class=\"elementor-element elementor-element-849d5b2 elementor-view-default elementor-widget elementor-widget-icon\" data-id=\"849d5b2\" data-element_type=\"widget\" data-widget_type=\"icon.default\">\r\n        <div class=\"elementor-widget-container\">\r\n            <div class=\"elementor-icon-wrapper\">\r\n              <div class=\"elementor-icon\">\r\n                  <i aria-hidden=\"true\" class=\"fas fa-plane-departure\"><\/i>\t\t\t\r\n              <\/div>\r\n            <\/div>\r\n        <\/div>\r\n      <\/div>\r\n      <div class=\"elementor-element elementor-element-41d635f elementor-widget elementor-widget-penci-fancy_heading\" data-id=\"41d635f\" data-element_type=\"widget\" data-widget_type=\"penci-fancy_heading.default\">\r\n        <div class=\"elementor-widget-container\">\r\n            <div class=\"penci-fancy-heading penci-heading-text-center\">\r\n              <div class=\"penci-fancy-heading-inner\">\r\n                  <h2 class=\"penci-heading-title\"><span class=\"inner-tit\"><\/span><\/h2>\r\n              <\/div>\r\n            <\/div>\r\n        <\/div>\r\n      <\/div>\r\n    <\/div>\r\n  <\/div>\r\n  <div class=\"elementor-element elementor-element-6a8f9b8 elementor-widget elementor-widget-penci-image-gallery\" data-id=\"6a8f9b8\" data-element_type=\"widget\" data-widget_type=\"penci-image-gallery.default\">\r\n    <div class=\"elementor-widget-container\">\r\n        <div id=\"penci-image_gallery_44949\" class=\"penci-block-vc penci-image-gallery penci-image-gallery-s1 pencisc-grid-3 pencisc-grid-tablet-2 pencisc-grid-mobile-1\">\r\n          <div class=\"penci-block_content  pencisc-grid\">\r\n              <div class=\"single_portefolio penci-gallery-item penci-galitem-1 filter canyoning\">\r\n          <a class=\"penci-image-holder penci-lazy penci-image-landscape lazyloaded\" data-rel=\"penci-gallery-image-content\" href=\"https:\/\/ocidentaladventures.pt\/wp-content\/uploads\/2023\/01\/A7I03694-scaled.jpg\" style=\"background-image: url(&quot;https:\/\/ocidentaladventures.pt\/wp-content\/uploads\/2023\/01\/A7I03694-scaled.jpg&quot;);\" data-ll-status=\"entered\">\r\n          <i class=\"penci-faicon fa fa-arrows-alt\"><\/i>\r\n          <\/a>\r\n        <\/div><div class=\"single_portefolio penci-gallery-item penci-galitem-1 filter canyoning\">\r\n          <a class=\"penci-image-holder penci-lazy penci-image-landscape lazyloaded\" data-rel=\"penci-gallery-image-content\" href=\"https:\/\/ocidentaladventures.pt\/wp-content\/uploads\/2023\/01\/A7I03680-ARW_DxO_DeepPRIME-scaled.jpg\" style=\"background-image: url(&quot;https:\/\/ocidentaladventures.pt\/wp-content\/uploads\/2023\/01\/A7I03680-ARW_DxO_DeepPRIME-scaled.jpg&quot;);\" data-ll-status=\"entered\">\r\n          <i class=\"penci-faicon fa fa-arrows-alt\"><\/i>\r\n          <\/a>\r\n        <\/div><div class=\"single_portefolio penci-gallery-item penci-galitem-1 filter canyoning\">\r\n          <a class=\"penci-image-holder penci-lazy penci-image-landscape lazyloaded\" data-rel=\"penci-gallery-image-content\" href=\"https:\/\/ocidentaladventures.pt\/wp-content\/uploads\/2023\/01\/A7I03668-ARW_DxO_DeepPRIME-scaled.jpg\" style=\"background-image: url(&quot;https:\/\/ocidentaladventures.pt\/wp-content\/uploads\/2023\/01\/A7I03668-ARW_DxO_DeepPRIME-scaled.jpg&quot;);\" data-ll-status=\"entered\">\r\n          <i class=\"penci-faicon fa fa-arrows-alt\"><\/i>\r\n          <\/a>\r\n        <\/div><div class=\"single_portefolio penci-gallery-item penci-galitem-1 filter canyoning\">\r\n          <a class=\"penci-image-holder penci-lazy penci-image-landscape lazyloaded\" data-rel=\"penci-gallery-image-content\" href=\"https:\/\/ocidentaladventures.pt\/wp-content\/uploads\/2023\/01\/A7I03564-scaled.jpg\" style=\"background-image: url(&quot;https:\/\/ocidentaladventures.pt\/wp-content\/uploads\/2023\/01\/A7I03564-scaled.jpg&quot;);\" data-ll-status=\"entered\">\r\n          <i class=\"penci-faicon fa fa-arrows-alt\"><\/i>\r\n          <\/a>\r\n        <\/div><div class=\"single_portefolio penci-gallery-item penci-galitem-1 filter canyoning\">\r\n          <a class=\"penci-image-holder penci-lazy penci-image-landscape lazyloaded\" data-rel=\"penci-gallery-image-content\" href=\"https:\/\/ocidentaladventures.pt\/wp-content\/uploads\/2023\/01\/A7I03535-scaled.jpg\" style=\"background-image: url(&quot;https:\/\/ocidentaladventures.pt\/wp-content\/uploads\/2023\/01\/A7I03535-scaled.jpg&quot;);\" data-ll-status=\"entered\">\r\n          <i class=\"penci-faicon fa fa-arrows-alt\"><\/i>\r\n          <\/a>\r\n        <\/div><div class=\"single_portefolio penci-gallery-item penci-galitem-1 filter canyoning\">\r\n          <a class=\"penci-image-holder penci-lazy penci-image-landscape lazyloaded\" data-rel=\"penci-gallery-image-content\" href=\"https:\/\/ocidentaladventures.pt\/wp-content\/uploads\/2023\/01\/A7I03526-scaled.jpg\" style=\"background-image: url(&quot;https:\/\/ocidentaladventures.pt\/wp-content\/uploads\/2023\/01\/A7I03526-scaled.jpg&quot;);\" data-ll-status=\"entered\">\r\n          <i class=\"penci-faicon fa fa-arrows-alt\"><\/i>\r\n          <\/a>\r\n        <\/div><div class=\"single_portefolio penci-gallery-item penci-galitem-1 filter canyoning\">\r\n          <a class=\"penci-image-holder penci-lazy penci-image-landscape lazyloaded\" data-rel=\"penci-gallery-image-content\" href=\"https:\/\/ocidentaladventures.pt\/wp-content\/uploads\/2023\/01\/A7I03399-scaled.jpg\" style=\"background-image: url(&quot;https:\/\/ocidentaladventures.pt\/wp-content\/uploads\/2023\/01\/A7I03399-scaled.jpg&quot;);\" data-ll-status=\"entered\">\r\n          <i class=\"penci-faicon fa fa-arrows-alt\"><\/i>\r\n          <\/a>\r\n        <\/div><div class=\"single_portefolio penci-gallery-item penci-galitem-1 filter canyoning\">\r\n          <a class=\"penci-image-holder penci-lazy penci-image-landscape lazyloaded\" data-rel=\"penci-gallery-image-content\" href=\"https:\/\/ocidentaladventures.pt\/wp-content\/uploads\/2023\/01\/A7I03331-scaled.jpg\" style=\"background-image: url(&quot;https:\/\/ocidentaladventures.pt\/wp-content\/uploads\/2023\/01\/A7I03331-scaled.jpg&quot;);\" data-ll-status=\"entered\">\r\n          <i class=\"penci-faicon fa fa-arrows-alt\"><\/i>\r\n          <\/a>\r\n        <\/div><div class=\"single_portefolio penci-gallery-item penci-galitem-1 filter canyoning\">\r\n          <a class=\"penci-image-holder penci-lazy penci-image-landscape lazyloaded\" data-rel=\"penci-gallery-image-content\" href=\"https:\/\/ocidentaladventures.pt\/wp-content\/uploads\/2023\/01\/A7I03339-scaled.jpg\" style=\"background-image: url(&quot;https:\/\/ocidentaladventures.pt\/wp-content\/uploads\/2023\/01\/A7I03339-scaled.jpg&quot;);\" data-ll-status=\"entered\">\r\n          <i class=\"penci-faicon fa fa-arrows-alt\"><\/i>\r\n          <\/a>\r\n        <\/div><div class=\"single_portefolio penci-gallery-item penci-galitem-1 filter canyoning\">\r\n          <a class=\"penci-image-holder penci-lazy penci-image-landscape lazyloaded\" data-rel=\"penci-gallery-image-content\" href=\"https:\/\/ocidentaladventures.pt\/wp-content\/uploads\/2023\/01\/A7I03303-scaled.jpg\" style=\"background-image: url(&quot;https:\/\/ocidentaladventures.pt\/wp-content\/uploads\/2023\/01\/A7I03303-scaled.jpg&quot;);\" data-ll-status=\"entered\">\r\n          <i class=\"penci-faicon fa fa-arrows-alt\"><\/i>\r\n          <\/a>\r\n        <\/div><div class=\"single_portefolio penci-gallery-item penci-galitem-1 filter canyoning\">\r\n          <a class=\"penci-image-holder penci-lazy penci-image-landscape lazyloaded\" data-rel=\"penci-gallery-image-content\" href=\"https:\/\/ocidentaladventures.pt\/wp-content\/uploads\/2023\/01\/A7I03294-scaled.jpg\" style=\"background-image: url(&quot;https:\/\/ocidentaladventures.pt\/wp-content\/uploads\/2023\/01\/A7I03294-scaled.jpg&quot;);\" data-ll-status=\"entered\">\r\n          <i class=\"penci-faicon fa fa-arrows-alt\"><\/i>\r\n          <\/a>\r\n        <\/div><div class=\"single_portefolio penci-gallery-item penci-galitem-1 filter canyoning\">\r\n          <a class=\"penci-image-holder penci-lazy penci-image-landscape lazyloaded\" data-rel=\"penci-gallery-image-content\" href=\"https:\/\/ocidentaladventures.pt\/wp-content\/uploads\/2023\/01\/A7I03228-scaled.jpg\" style=\"background-image: url(&quot;https:\/\/ocidentaladventures.pt\/wp-content\/uploads\/2023\/01\/A7I03228-scaled.jpg&quot;);\" data-ll-status=\"entered\">\r\n          <i class=\"penci-faicon fa fa-arrows-alt\"><\/i>\r\n          <\/a>\r\n        <\/div><div class=\"single_portefolio penci-gallery-item penci-galitem-1 filter canyoning\">\r\n          <a class=\"penci-image-holder penci-lazy penci-image-landscape lazyloaded\" data-rel=\"penci-gallery-image-content\" href=\"https:\/\/ocidentaladventures.pt\/wp-content\/uploads\/2023\/01\/A7I03204-scaled.jpg\" style=\"background-image: url(&quot;https:\/\/ocidentaladventures.pt\/wp-content\/uploads\/2023\/01\/A7I03204-scaled.jpg&quot;);\" data-ll-status=\"entered\">\r\n          <i class=\"penci-faicon fa fa-arrows-alt\"><\/i>\r\n          <\/a>\r\n        <\/div>\r\n          <\/div>\r\n        <\/div>\r\n    <\/div>\r\n  <\/div><\/div>\n\t\t\t\t<\/div>\n\t\t\t\t<\/div>\n\t\t\t\t\t<\/div>\n\t\t<\/div>\n\t\t\t\t\t\t\t<\/div>\n\t\t<\/section>\n\t\t\t\t\t\t\t<\/div>\n\t\t","protected":false},"excerpt":{"rendered":"","protected":false},"author":1,"featured_media":999,"parent":0,"menu_order":0,"comment_status":"closed","ping_status":"closed","template":"","meta":{"footnotes":""},"class_list":["post-492","page","type-page","status-publish","has-post-thumbnail","hentry"],"acf":[],"yoast_head":"<!-- This site is optimized with the Yoast SEO plugin v19.6.1 - https:\/\/yoast.com\/wordpress\/plugins\/seo\/ -->\n<title>Les Meilleurs Sentiers des A\u00e7ores sont sur l\u2019\u00eele de Flores!<\/title>\n<meta name=\"description\" content=\"Les meilleurs sentiers des A\u00e7ores sont avec Western Adventures sur l\u2019\u00eele de Flores! Pr\u00e9parez-vous pour un voyage tr\u00e8s amusant!\" \/>\n<meta name=\"robots\" content=\"index, follow, max-snippet:-1, max-image-preview:large, max-video-preview:-1\" \/>\n<link rel=\"canonical\" href=\"https:\/\/ocidentaladventures.pt\/fr\/portefeuille-acores\/\" \/>\n<meta property=\"og:locale\" content=\"fr_FR\" \/>\n<meta property=\"og:type\" content=\"article\" \/>\n<meta property=\"og:title\" content=\"Les Meilleurs Sentiers des A\u00e7ores sont sur l\u2019\u00eele de Flores!\" \/>\n<meta property=\"og:description\" content=\"Les meilleurs sentiers des A\u00e7ores sont avec Western Adventures sur l\u2019\u00eele de Flores! Pr\u00e9parez-vous pour un voyage tr\u00e8s amusant!\" \/>\n<meta property=\"og:url\" content=\"https:\/\/ocidentaladventures.pt\/fr\/portefeuille-acores\/\" \/>\n<meta property=\"og:site_name\" content=\"Ocidental Adventures\" \/>\n<meta property=\"article:modified_time\" content=\"2023-01-25T13:55:23+00:00\" \/>\n<meta property=\"og:image\" content=\"https:\/\/ocidentaladventures.pt\/wp-content\/uploads\/2023\/01\/A7I03942-scaled.jpg\" \/>\n\t<meta property=\"og:image:width\" content=\"2560\" \/>\n\t<meta property=\"og:image:height\" content=\"1707\" \/>\n\t<meta property=\"og:image:type\" content=\"image\/jpeg\" \/>\n<meta name=\"twitter:card\" content=\"summary_large_image\" \/>\n<meta name=\"twitter:label1\" content=\"Dur\u00e9e de lecture estim\u00e9e\" \/>\n\t<meta name=\"twitter:data1\" content=\"1 minute\" \/>\n<script type=\"application\/ld+json\" class=\"yoast-schema-graph\">{\"@context\":\"https:\/\/schema.org\",\"@graph\":[{\"@type\":\"WebPage\",\"@id\":\"https:\/\/ocidentaladventures.pt\/fr\/portefeuille-acores\/\",\"url\":\"https:\/\/ocidentaladventures.pt\/fr\/portefeuille-acores\/\",\"name\":\"Les Meilleurs Sentiers des A\u00e7ores sont sur l\u2019\u00eele de Flores!\",\"isPartOf\":{\"@id\":\"https:\/\/ocidentaladventures.pt\/#website\"},\"datePublished\":\"2022-09-01T21:13:35+00:00\",\"dateModified\":\"2023-01-25T13:55:23+00:00\",\"description\":\"Les meilleurs sentiers des A\u00e7ores sont avec Western Adventures sur l\u2019\u00eele de Flores! Pr\u00e9parez-vous pour un voyage tr\u00e8s amusant!\",\"breadcrumb\":{\"@id\":\"https:\/\/ocidentaladventures.pt\/fr\/portefeuille-acores\/#breadcrumb\"},\"inLanguage\":\"fr-FR\",\"potentialAction\":[{\"@type\":\"ReadAction\",\"target\":[\"https:\/\/ocidentaladventures.pt\/fr\/portefeuille-acores\/\"]}]},{\"@type\":\"BreadcrumbList\",\"@id\":\"https:\/\/ocidentaladventures.pt\/fr\/portefeuille-acores\/#breadcrumb\",\"itemListElement\":[{\"@type\":\"ListItem\",\"position\":1,\"name\":\"In\u00edcio\",\"item\":\"https:\/\/ocidentaladventures.pt\/fr\/\"},{\"@type\":\"ListItem\",\"position\":2,\"name\":\"Portefeuille\"}]},{\"@type\":\"WebSite\",\"@id\":\"https:\/\/ocidentaladventures.pt\/#website\",\"url\":\"https:\/\/ocidentaladventures.pt\/\",\"name\":\"Ocidental Adventures\",\"description\":\"\",\"potentialAction\":[{\"@type\":\"SearchAction\",\"target\":{\"@type\":\"EntryPoint\",\"urlTemplate\":\"https:\/\/ocidentaladventures.pt\/?s={search_term_string}\"},\"query-input\":\"required name=search_term_string\"}],\"inLanguage\":\"fr-FR\"}]}<\/script>\n<!-- \/ Yoast SEO plugin. -->","yoast_head_json":{"title":"Les Meilleurs Sentiers des A\u00e7ores sont sur l\u2019\u00eele de Flores!","description":"Les meilleurs sentiers des A\u00e7ores sont avec Western Adventures sur l\u2019\u00eele de Flores! Pr\u00e9parez-vous pour un voyage tr\u00e8s amusant!","robots":{"index":"index","follow":"follow","max-snippet":"max-snippet:-1","max-image-preview":"max-image-preview:large","max-video-preview":"max-video-preview:-1"},"canonical":"https:\/\/ocidentaladventures.pt\/fr\/portefeuille-acores\/","og_locale":"fr_FR","og_type":"article","og_title":"Les Meilleurs Sentiers des A\u00e7ores sont sur l\u2019\u00eele de Flores!","og_description":"Les meilleurs sentiers des A\u00e7ores sont avec Western Adventures sur l\u2019\u00eele de Flores! Pr\u00e9parez-vous pour un voyage tr\u00e8s amusant!","og_url":"https:\/\/ocidentaladventures.pt\/fr\/portefeuille-acores\/","og_site_name":"Ocidental Adventures","article_modified_time":"2023-01-25T13:55:23+00:00","og_image":[{"width":2560,"height":1707,"url":"https:\/\/ocidentaladventures.pt\/wp-content\/uploads\/2023\/01\/A7I03942-scaled.jpg","type":"image\/jpeg"}],"twitter_card":"summary_large_image","twitter_misc":{"Dur\u00e9e de lecture estim\u00e9e":"1 minute"},"schema":{"@context":"https:\/\/schema.org","@graph":[{"@type":"WebPage","@id":"https:\/\/ocidentaladventures.pt\/fr\/portefeuille-acores\/","url":"https:\/\/ocidentaladventures.pt\/fr\/portefeuille-acores\/","name":"Les Meilleurs Sentiers des A\u00e7ores sont sur l\u2019\u00eele de Flores!","isPartOf":{"@id":"https:\/\/ocidentaladventures.pt\/#website"},"datePublished":"2022-09-01T21:13:35+00:00","dateModified":"2023-01-25T13:55:23+00:00","description":"Les meilleurs sentiers des A\u00e7ores sont avec Western Adventures sur l\u2019\u00eele de Flores! Pr\u00e9parez-vous pour un voyage tr\u00e8s amusant!","breadcrumb":{"@id":"https:\/\/ocidentaladventures.pt\/fr\/portefeuille-acores\/#breadcrumb"},"inLanguage":"fr-FR","potentialAction":[{"@type":"ReadAction","target":["https:\/\/ocidentaladventures.pt\/fr\/portefeuille-acores\/"]}]},{"@type":"BreadcrumbList","@id":"https:\/\/ocidentaladventures.pt\/fr\/portefeuille-acores\/#breadcrumb","itemListElement":[{"@type":"ListItem","position":1,"name":"In\u00edcio","item":"https:\/\/ocidentaladventures.pt\/fr\/"},{"@type":"ListItem","position":2,"name":"Portefeuille"}]},{"@type":"WebSite","@id":"https:\/\/ocidentaladventures.pt\/#website","url":"https:\/\/ocidentaladventures.pt\/","name":"Ocidental Adventures","description":"","potentialAction":[{"@type":"SearchAction","target":{"@type":"EntryPoint","urlTemplate":"https:\/\/ocidentaladventures.pt\/?s={search_term_string}"},"query-input":"required name=search_term_string"}],"inLanguage":"fr-FR"}]}},"_links":{"self":[{"href":"https:\/\/ocidentaladventures.pt\/fr\/wp-json\/wp\/v2\/pages\/492","targetHints":{"allow":["GET"]}}],"collection":[{"href":"https:\/\/ocidentaladventures.pt\/fr\/wp-json\/wp\/v2\/pages"}],"about":[{"href":"https:\/\/ocidentaladventures.pt\/fr\/wp-json\/wp\/v2\/types\/page"}],"author":[{"embeddable":true,"href":"https:\/\/ocidentaladventures.pt\/fr\/wp-json\/wp\/v2\/users\/1"}],"replies":[{"embeddable":true,"href":"https:\/\/ocidentaladventures.pt\/fr\/wp-json\/wp\/v2\/comments?post=492"}],"version-history":[{"count":5,"href":"https:\/\/ocidentaladventures.pt\/fr\/wp-json\/wp\/v2\/pages\/492\/revisions"}],"predecessor-version":[{"id":675,"href":"https:\/\/ocidentaladventures.pt\/fr\/wp-json\/wp\/v2\/pages\/492\/revisions\/675"}],"wp:featuredmedia":[{"embeddable":true,"href":"https:\/\/ocidentaladventures.pt\/fr\/wp-json\/wp\/v2\/media\/999"}],"wp:attachment":[{"href":"https:\/\/ocidentaladventures.pt\/fr\/wp-json\/wp\/v2\/media?parent=492"}],"curies":[{"name":"wp","href":"https:\/\/api.w.org\/{rel}","templated":true}]}}